{"id":220,"date":"2020-05-02T12:25:02","date_gmt":"2020-05-02T12:25:02","guid":{"rendered":"https:\/\/luises.com\/?page_id=220"},"modified":"2020-05-02T12:25:55","modified_gmt":"2020-05-02T12:25:55","slug":"aspiradores-con-filtrado-hepa","status":"publish","type":"page","link":"https:\/\/luises.com\/index.php\/especial-covid\/aspiradores-con-filtrado-hepa\/","title":{"rendered":"Aspiradores con filtrado HEPA"},"content":{"rendered":"\n<p>Con estos aspiradores puede mantener las superficies suelos r\u00edgidos, alfombras, paredes y el aire limpio en cualquier condici\u00f3n. Todos los aspiradores MIELE tienen versi\u00f3n HEPA, el filtro que retiene el 99,9 % de las part\u00edculas.<\/p>\n\n\n\n<p>Testados para una vida \u00fatil de 20 a\u00f1os.<\/p>\n\n\n\n<h2 class=\"wp-block-heading\">Aspirador con bolsa compact o complete<\/h2>\n\n\n\n<p>Aspirador con bolsa y filtro. La mejor opci\u00f3n para un uso dom\u00e9stico de alta calidad y potencia.<\/p>\n\n\n\n<figure class=\"wp-block-gallery columns-2 is-cropped wp-block-gallery-1 is-layout-flex wp-block-gallery-is-layout-flex\"><ul class=\"blocks-gallery-grid\"><li class=\"blocks-gallery-item\"><figure><img data-recalc-dims=\"1\" loading=\"lazy\" decoding=\"async\" width=\"525\" height=\"350\" src=\"https:\/\/i0.wp.com\/luises.com\/wp-content\/uploads\/2020\/05\/compact.jpg?resize=525%2C350&#038;ssl=1\" alt=\"\" data-id=\"222\" data-full-url=\"https:\/\/luises.com\/wp-content\/uploads\/2020\/05\/compact.jpg\" data-link=\"https:\/\/luises.com\/?attachment_id=222\" class=\"wp-image-222\" srcset=\"https:\/\/i0.wp.com\/luises.com\/wp-content\/uploads\/2020\/05\/compact.jpg?resize=1024%2C683&amp;ssl=1 1024w, https:\/\/i0.wp.com\/luises.com\/wp-content\/uploads\/2020\/05\/compact.jpg?resize=300%2C200&amp;ssl=1 300w, https:\/\/i0.wp.com\/luises.com\/wp-content\/uploads\/2020\/05\/compact.jpg?resize=768%2C512&amp;ssl=1 768w, https:\/\/i0.wp.com\/luises.com\/wp-content\/uploads\/2020\/05\/compact.jpg?w=1200&amp;ssl=1 1200w\" sizes=\"auto, (max-width: 767px) 89vw, (max-width: 1000px) 54vw, (max-width: 1071px) 543px, 580px\" \/><\/figure><\/li><li class=\"blocks-gallery-item\"><figure><img data-recalc-dims=\"1\" loading=\"lazy\" decoding=\"async\" width=\"525\" height=\"350\" src=\"https:\/\/i0.wp.com\/luises.com\/wp-content\/uploads\/2020\/05\/complete.jpg?resize=525%2C350&#038;ssl=1\" alt=\"\" data-id=\"221\" data-full-url=\"https:\/\/luises.com\/wp-content\/uploads\/2020\/05\/complete.jpg\" data-link=\"https:\/\/luises.com\/?attachment_id=221\" class=\"wp-image-221\" srcset=\"https:\/\/i0.wp.com\/luises.com\/wp-content\/uploads\/2020\/05\/complete.jpg?resize=1024%2C683&amp;ssl=1 1024w, https:\/\/i0.wp.com\/luises.com\/wp-content\/uploads\/2020\/05\/complete.jpg?resize=300%2C200&amp;ssl=1 300w, https:\/\/i0.wp.com\/luises.com\/wp-content\/uploads\/2020\/05\/complete.jpg?resize=768%2C512&amp;ssl=1 768w, https:\/\/i0.wp.com\/luises.com\/wp-content\/uploads\/2020\/05\/complete.jpg?w=1200&amp;ssl=1 1200w\" sizes=\"auto, (max-width: 767px) 89vw, (max-width: 1000px) 54vw, (max-width: 1071px) 543px, 580px\" \/><\/figure><\/li><\/ul><\/figure>\n\n\n\n<h2 class=\"wp-block-heading\">Aspirador sin bolsa <\/h2>\n\n\n\n<p>Con toda la potencia y un deposito preparado para diferencias los residuos y el polvo fino, garantizado un vaciado del dep\u00f3sito sin emisi\u00f3n de part\u00edculas al ambiente. El filtro HEPA es permanente sin necesidad de cambio en toda la vida \u00fatil del aspirador.<\/p>\n\n\n\n<figure class=\"wp-block-gallery aligncenter columns-2 wp-block-gallery-2 is-layout-flex wp-block-gallery-is-layout-flex\"><ul class=\"blocks-gallery-grid\"><li class=\"blocks-gallery-item\"><figure><img data-recalc-dims=\"1\" loading=\"lazy\" decoding=\"async\" width=\"300\" height=\"220\" src=\"https:\/\/i0.wp.com\/luises.com\/wp-content\/uploads\/2020\/05\/SIN-bolsa-azul2.jpg?resize=300%2C220&#038;ssl=1\" alt=\"\" data-id=\"228\" data-full-url=\"https:\/\/luises.com\/wp-content\/uploads\/2020\/05\/SIN-bolsa-azul2.jpg\" data-link=\"https:\/\/luises.com\/?attachment_id=228\" class=\"wp-image-228\" srcset=\"https:\/\/i0.wp.com\/luises.com\/wp-content\/uploads\/2020\/05\/SIN-bolsa-azul2.jpg?resize=300%2C220&amp;ssl=1 300w, https:\/\/i0.wp.com\/luises.com\/wp-content\/uploads\/2020\/05\/SIN-bolsa-azul2.jpg?resize=1024%2C751&amp;ssl=1 1024w, https:\/\/i0.wp.com\/luises.com\/wp-content\/uploads\/2020\/05\/SIN-bolsa-azul2.jpg?resize=768%2C563&amp;ssl=1 768w, https:\/\/i0.wp.com\/luises.com\/wp-content\/uploads\/2020\/05\/SIN-bolsa-azul2.jpg?w=1200&amp;ssl=1 1200w\" sizes=\"auto, (max-width: 300px) 100vw, 300px\" \/><\/figure><\/li><li class=\"blocks-gallery-item\"><figure><img data-recalc-dims=\"1\" loading=\"lazy\" decoding=\"async\" width=\"300\" height=\"197\" src=\"https:\/\/i0.wp.com\/luises.com\/wp-content\/uploads\/2020\/05\/SIN-bolsa-gris2.jpg?resize=300%2C197&#038;ssl=1\" alt=\"\" data-id=\"230\" data-full-url=\"https:\/\/luises.com\/wp-content\/uploads\/2020\/05\/SIN-bolsa-gris2.jpg\" data-link=\"https:\/\/luises.com\/?attachment_id=230\" class=\"wp-image-230\" srcset=\"https:\/\/i0.wp.com\/luises.com\/wp-content\/uploads\/2020\/05\/SIN-bolsa-gris2.jpg?resize=300%2C197&amp;ssl=1 300w, https:\/\/i0.wp.com\/luises.com\/wp-content\/uploads\/2020\/05\/SIN-bolsa-gris2.jpg?resize=1024%2C672&amp;ssl=1 1024w, https:\/\/i0.wp.com\/luises.com\/wp-content\/uploads\/2020\/05\/SIN-bolsa-gris2.jpg?resize=768%2C504&amp;ssl=1 768w, https:\/\/i0.wp.com\/luises.com\/wp-content\/uploads\/2020\/05\/SIN-bolsa-gris2.jpg?w=1200&amp;ssl=1 1200w\" sizes=\"auto, (max-width: 300px) 100vw, 300px\" \/><\/figure><\/li><li class=\"blocks-gallery-item\"><figure><img data-recalc-dims=\"1\" loading=\"lazy\" decoding=\"async\" width=\"191\" height=\"300\" src=\"https:\/\/i0.wp.com\/luises.com\/wp-content\/uploads\/2020\/05\/SIN-bolsa-blanco2.jpg?resize=191%2C300&#038;ssl=1\" alt=\"\" data-id=\"229\" data-full-url=\"https:\/\/luises.com\/wp-content\/uploads\/2020\/05\/SIN-bolsa-blanco2.jpg\" data-link=\"https:\/\/luises.com\/?attachment_id=229\" class=\"wp-image-229\" srcset=\"https:\/\/i0.wp.com\/luises.com\/wp-content\/uploads\/2020\/05\/SIN-bolsa-blanco2.jpg?resize=191%2C300&amp;ssl=1 191w, https:\/\/i0.wp.com\/luises.com\/wp-content\/uploads\/2020\/05\/SIN-bolsa-blanco2.jpg?resize=650%2C1024&amp;ssl=1 650w, https:\/\/i0.wp.com\/luises.com\/wp-content\/uploads\/2020\/05\/SIN-bolsa-blanco2.jpg?w=762&amp;ssl=1 762w\" sizes=\"auto, (max-width: 191px) 100vw, 191px\" \/><\/figure><\/li><\/ul><\/figure>\n\n\n\n<h2 class=\"wp-block-heading\">Aspiradores escoba inal\u00e1mbricos<\/h2>\n\n\n\n<p>Limpieza de alta potencia con libertad y sin cambio de bolsa ni filtros. Autonom\u00eda de 60 minutos y opci\u00f3n de cargador externo y bater\u00eda de recambio. Todos los componentes testados para una vida de 20 a\u00f1os.<\/p>\n\n\n\n<figure class=\"wp-block-gallery columns-2 wp-block-gallery-3 is-layout-flex wp-block-gallery-is-layout-flex\"><ul class=\"blocks-gallery-grid\"><li class=\"blocks-gallery-item\"><figure><img data-recalc-dims=\"1\" loading=\"lazy\" decoding=\"async\" width=\"525\" height=\"394\" src=\"https:\/\/i0.wp.com\/luises.com\/wp-content\/uploads\/2020\/05\/Escoba-1_2.jpg?resize=525%2C394&#038;ssl=1\" alt=\"\" data-id=\"234\" data-full-url=\"https:\/\/luises.com\/wp-content\/uploads\/2020\/05\/Escoba-1_2.jpg\" data-link=\"https:\/\/luises.com\/?attachment_id=234\" class=\"wp-image-234\" srcset=\"https:\/\/i0.wp.com\/luises.com\/wp-content\/uploads\/2020\/05\/Escoba-1_2.jpg?resize=1024%2C768&amp;ssl=1 1024w, https:\/\/i0.wp.com\/luises.com\/wp-content\/uploads\/2020\/05\/Escoba-1_2.jpg?resize=300%2C225&amp;ssl=1 300w, https:\/\/i0.wp.com\/luises.com\/wp-content\/uploads\/2020\/05\/Escoba-1_2.jpg?resize=768%2C576&amp;ssl=1 768w, https:\/\/i0.wp.com\/luises.com\/wp-content\/uploads\/2020\/05\/Escoba-1_2.jpg?w=1200&amp;ssl=1 1200w\" sizes=\"auto, (max-width: 767px) 89vw, (max-width: 1000px) 54vw, (max-width: 1071px) 543px, 580px\" \/><\/figure><\/li><li class=\"blocks-gallery-item\"><figure><img data-recalc-dims=\"1\" loading=\"lazy\" decoding=\"async\" width=\"525\" height=\"394\" src=\"https:\/\/i0.wp.com\/luises.com\/wp-content\/uploads\/2020\/05\/Escoba-1_3.jpg?resize=525%2C394&#038;ssl=1\" alt=\"\" data-id=\"235\" data-full-url=\"https:\/\/luises.com\/wp-content\/uploads\/2020\/05\/Escoba-1_3.jpg\" data-link=\"https:\/\/luises.com\/?attachment_id=235\" class=\"wp-image-235\" srcset=\"https:\/\/i0.wp.com\/luises.com\/wp-content\/uploads\/2020\/05\/Escoba-1_3.jpg?resize=1024%2C768&amp;ssl=1 1024w, https:\/\/i0.wp.com\/luises.com\/wp-content\/uploads\/2020\/05\/Escoba-1_3.jpg?resize=300%2C225&amp;ssl=1 300w, https:\/\/i0.wp.com\/luises.com\/wp-content\/uploads\/2020\/05\/Escoba-1_3.jpg?resize=768%2C576&amp;ssl=1 768w, https:\/\/i0.wp.com\/luises.com\/wp-content\/uploads\/2020\/05\/Escoba-1_3.jpg?w=1200&amp;ssl=1 1200w\" sizes=\"auto, (max-width: 767px) 89vw, (max-width: 1000px) 54vw, (max-width: 1071px) 543px, 580px\" \/><\/figure><\/li><li class=\"blocks-gallery-item\"><figure><img data-recalc-dims=\"1\" loading=\"lazy\" decoding=\"async\" width=\"525\" height=\"531\" src=\"https:\/\/i0.wp.com\/luises.com\/wp-content\/uploads\/2020\/05\/Escoba-1_1.jpg?resize=525%2C531&#038;ssl=1\" alt=\"\" data-id=\"237\" data-full-url=\"https:\/\/luises.com\/wp-content\/uploads\/2020\/05\/Escoba-1_1.jpg\" data-link=\"https:\/\/luises.com\/escoba-1_1\/\" class=\"wp-image-237\" srcset=\"https:\/\/i0.wp.com\/luises.com\/wp-content\/uploads\/2020\/05\/Escoba-1_1.jpg?resize=1012%2C1024&amp;ssl=1 1012w, https:\/\/i0.wp.com\/luises.com\/wp-content\/uploads\/2020\/05\/Escoba-1_1.jpg?resize=297%2C300&amp;ssl=1 297w, https:\/\/i0.wp.com\/luises.com\/wp-content\/uploads\/2020\/05\/Escoba-1_1.jpg?resize=768%2C777&amp;ssl=1 768w, https:\/\/i0.wp.com\/luises.com\/wp-content\/uploads\/2020\/05\/Escoba-1_1.jpg?resize=100%2C100&amp;ssl=1 100w, https:\/\/i0.wp.com\/luises.com\/wp-content\/uploads\/2020\/05\/Escoba-1_1.jpg?w=1045&amp;ssl=1 1045w\" sizes=\"auto, (max-width: 767px) 89vw, (max-width: 1000px) 54vw, (max-width: 1071px) 543px, 580px\" \/><\/figure><\/li><\/ul><\/figure>\n\n\n\n<p><\/p>\n","protected":false},"excerpt":{"rendered":"<p>Con estos aspiradores puede mantener las superficies suelos r\u00edgidos, alfombras, paredes y el aire limpio en cualquier condici\u00f3n. Todos los aspiradores MIELE tienen versi\u00f3n HEPA, el filtro que retiene el 99,9 % de las part\u00edculas. Testados para una vida \u00fatil de 20 a\u00f1os. Aspirador con bolsa compact o complete Aspirador con bolsa y filtro. La &hellip; <\/p>\n<p class=\"link-more\"><a href=\"https:\/\/luises.com\/index.php\/especial-covid\/aspiradores-con-filtrado-hepa\/\" class=\"more-link\">Continuar leyendo<span class=\"screen-reader-text\"> \u00abAspiradores con filtrado HEPA\u00bb<\/span><\/a><\/p>\n","protected":false},"author":1,"featured_media":237,"parent":2,"menu_order":0,"comment_status":"closed","ping_status":"closed","template":"","meta":{"footnotes":""},"class_list":["post-220","page","type-page","status-publish","has-post-thumbnail","hentry"],"yoast_head":"<!-- This site is optimized with the Yoast SEO plugin v27.3 - https:\/\/yoast.com\/product\/yoast-seo-wordpress\/ -->\n<title>Aspiradores con filtrado HEPA - Luises Interiorismo<\/title>\n<meta name=\"robots\" content=\"index, follow, max-snippet:-1, max-image-preview:large, max-video-preview:-1\" \/>\n<link rel=\"canonical\" href=\"https:\/\/luises.com\/index.php\/especial-covid\/aspiradores-con-filtrado-hepa\/\" \/>\n<meta property=\"og:locale\" content=\"es_ES\" \/>\n<meta property=\"og:type\" content=\"article\" \/>\n<meta property=\"og:title\" content=\"Aspiradores con filtrado HEPA - Luises Interiorismo\" \/>\n<meta property=\"og:description\" content=\"Con estos aspiradores puede mantener las superficies suelos r\u00edgidos, alfombras, paredes y el aire limpio en cualquier condici\u00f3n. Todos los aspiradores MIELE tienen versi\u00f3n HEPA, el filtro que retiene el 99,9 % de las part\u00edculas. Testados para una vida \u00fatil de 20 a\u00f1os. Aspirador con bolsa compact o complete Aspirador con bolsa y filtro. La &hellip; Continuar leyendo &quot;Aspiradores con filtrado HEPA&quot;\" \/>\n<meta property=\"og:url\" content=\"https:\/\/luises.com\/index.php\/especial-covid\/aspiradores-con-filtrado-hepa\/\" \/>\n<meta property=\"og:site_name\" content=\"Luises Interiorismo\" \/>\n<meta property=\"article:modified_time\" content=\"2020-05-02T12:25:55+00:00\" \/>\n<meta property=\"og:image\" content=\"https:\/\/i0.wp.com\/luises.com\/wp-content\/uploads\/2020\/05\/Escoba-1_1.jpg?fit=1045%2C1057&ssl=1\" \/>\n\t<meta property=\"og:image:width\" content=\"1045\" \/>\n\t<meta property=\"og:image:height\" content=\"1057\" \/>\n\t<meta property=\"og:image:type\" content=\"image\/jpeg\" \/>\n<meta name=\"twitter:card\" content=\"summary_large_image\" \/>\n<meta name=\"twitter:label1\" content=\"Tiempo de lectura\" \/>\n\t<meta name=\"twitter:data1\" content=\"1 minuto\" \/>\n<script type=\"application\/ld+json\" class=\"yoast-schema-graph\">{\"@context\":\"https:\\\/\\\/schema.org\",\"@graph\":[{\"@type\":\"WebPage\",\"@id\":\"https:\\\/\\\/luises.com\\\/index.php\\\/especial-covid\\\/aspiradores-con-filtrado-hepa\\\/\",\"url\":\"https:\\\/\\\/luises.com\\\/index.php\\\/especial-covid\\\/aspiradores-con-filtrado-hepa\\\/\",\"name\":\"Aspiradores con filtrado HEPA - Luises Interiorismo\",\"isPartOf\":{\"@id\":\"https:\\\/\\\/luises.com\\\/#website\"},\"primaryImageOfPage\":{\"@id\":\"https:\\\/\\\/luises.com\\\/index.php\\\/especial-covid\\\/aspiradores-con-filtrado-hepa\\\/#primaryimage\"},\"image\":{\"@id\":\"https:\\\/\\\/luises.com\\\/index.php\\\/especial-covid\\\/aspiradores-con-filtrado-hepa\\\/#primaryimage\"},\"thumbnailUrl\":\"https:\\\/\\\/i0.wp.com\\\/luises.com\\\/wp-content\\\/uploads\\\/2020\\\/05\\\/Escoba-1_1.jpg?fit=1045%2C1057&ssl=1\",\"datePublished\":\"2020-05-02T12:25:02+00:00\",\"dateModified\":\"2020-05-02T12:25:55+00:00\",\"breadcrumb\":{\"@id\":\"https:\\\/\\\/luises.com\\\/index.php\\\/especial-covid\\\/aspiradores-con-filtrado-hepa\\\/#breadcrumb\"},\"inLanguage\":\"es\",\"potentialAction\":[{\"@type\":\"ReadAction\",\"target\":[\"https:\\\/\\\/luises.com\\\/index.php\\\/especial-covid\\\/aspiradores-con-filtrado-hepa\\\/\"]}]},{\"@type\":\"ImageObject\",\"inLanguage\":\"es\",\"@id\":\"https:\\\/\\\/luises.com\\\/index.php\\\/especial-covid\\\/aspiradores-con-filtrado-hepa\\\/#primaryimage\",\"url\":\"https:\\\/\\\/i0.wp.com\\\/luises.com\\\/wp-content\\\/uploads\\\/2020\\\/05\\\/Escoba-1_1.jpg?fit=1045%2C1057&ssl=1\",\"contentUrl\":\"https:\\\/\\\/i0.wp.com\\\/luises.com\\\/wp-content\\\/uploads\\\/2020\\\/05\\\/Escoba-1_1.jpg?fit=1045%2C1057&ssl=1\",\"width\":1045,\"height\":1057},{\"@type\":\"BreadcrumbList\",\"@id\":\"https:\\\/\\\/luises.com\\\/index.php\\\/especial-covid\\\/aspiradores-con-filtrado-hepa\\\/#breadcrumb\",\"itemListElement\":[{\"@type\":\"ListItem\",\"position\":1,\"name\":\"Home\",\"item\":\"https:\\\/\\\/luises.com\\\/\"},{\"@type\":\"ListItem\",\"position\":2,\"name\":\"Especial COVID\",\"item\":\"https:\\\/\\\/luises.com\\\/index.php\\\/especial-covid\\\/\"},{\"@type\":\"ListItem\",\"position\":3,\"name\":\"Aspiradores con filtrado HEPA\"}]},{\"@type\":\"WebSite\",\"@id\":\"https:\\\/\\\/luises.com\\\/#website\",\"url\":\"https:\\\/\\\/luises.com\\\/\",\"name\":\"Luises Interiorismo\",\"description\":\"Estudio de interiorismo en Oviedo\",\"potentialAction\":[{\"@type\":\"SearchAction\",\"target\":{\"@type\":\"EntryPoint\",\"urlTemplate\":\"https:\\\/\\\/luises.com\\\/?s={search_term_string}\"},\"query-input\":{\"@type\":\"PropertyValueSpecification\",\"valueRequired\":true,\"valueName\":\"search_term_string\"}}],\"inLanguage\":\"es\"}]}<\/script>\n<!-- \/ Yoast SEO plugin. -->","yoast_head_json":{"title":"Aspiradores con filtrado HEPA - Luises Interiorismo","robots":{"index":"index","follow":"follow","max-snippet":"max-snippet:-1","max-image-preview":"max-image-preview:large","max-video-preview":"max-video-preview:-1"},"canonical":"https:\/\/luises.com\/index.php\/especial-covid\/aspiradores-con-filtrado-hepa\/","og_locale":"es_ES","og_type":"article","og_title":"Aspiradores con filtrado HEPA - Luises Interiorismo","og_description":"Con estos aspiradores puede mantener las superficies suelos r\u00edgidos, alfombras, paredes y el aire limpio en cualquier condici\u00f3n. Todos los aspiradores MIELE tienen versi\u00f3n HEPA, el filtro que retiene el 99,9 % de las part\u00edculas. Testados para una vida \u00fatil de 20 a\u00f1os. Aspirador con bolsa compact o complete Aspirador con bolsa y filtro. La &hellip; Continuar leyendo \"Aspiradores con filtrado HEPA\"","og_url":"https:\/\/luises.com\/index.php\/especial-covid\/aspiradores-con-filtrado-hepa\/","og_site_name":"Luises Interiorismo","article_modified_time":"2020-05-02T12:25:55+00:00","og_image":[{"width":1045,"height":1057,"url":"https:\/\/i0.wp.com\/luises.com\/wp-content\/uploads\/2020\/05\/Escoba-1_1.jpg?fit=1045%2C1057&ssl=1","type":"image\/jpeg"}],"twitter_card":"summary_large_image","twitter_misc":{"Tiempo de lectura":"1 minuto"},"schema":{"@context":"https:\/\/schema.org","@graph":[{"@type":"WebPage","@id":"https:\/\/luises.com\/index.php\/especial-covid\/aspiradores-con-filtrado-hepa\/","url":"https:\/\/luises.com\/index.php\/especial-covid\/aspiradores-con-filtrado-hepa\/","name":"Aspiradores con filtrado HEPA - Luises Interiorismo","isPartOf":{"@id":"https:\/\/luises.com\/#website"},"primaryImageOfPage":{"@id":"https:\/\/luises.com\/index.php\/especial-covid\/aspiradores-con-filtrado-hepa\/#primaryimage"},"image":{"@id":"https:\/\/luises.com\/index.php\/especial-covid\/aspiradores-con-filtrado-hepa\/#primaryimage"},"thumbnailUrl":"https:\/\/i0.wp.com\/luises.com\/wp-content\/uploads\/2020\/05\/Escoba-1_1.jpg?fit=1045%2C1057&ssl=1","datePublished":"2020-05-02T12:25:02+00:00","dateModified":"2020-05-02T12:25:55+00:00","breadcrumb":{"@id":"https:\/\/luises.com\/index.php\/especial-covid\/aspiradores-con-filtrado-hepa\/#breadcrumb"},"inLanguage":"es","potentialAction":[{"@type":"ReadAction","target":["https:\/\/luises.com\/index.php\/especial-covid\/aspiradores-con-filtrado-hepa\/"]}]},{"@type":"ImageObject","inLanguage":"es","@id":"https:\/\/luises.com\/index.php\/especial-covid\/aspiradores-con-filtrado-hepa\/#primaryimage","url":"https:\/\/i0.wp.com\/luises.com\/wp-content\/uploads\/2020\/05\/Escoba-1_1.jpg?fit=1045%2C1057&ssl=1","contentUrl":"https:\/\/i0.wp.com\/luises.com\/wp-content\/uploads\/2020\/05\/Escoba-1_1.jpg?fit=1045%2C1057&ssl=1","width":1045,"height":1057},{"@type":"BreadcrumbList","@id":"https:\/\/luises.com\/index.php\/especial-covid\/aspiradores-con-filtrado-hepa\/#breadcrumb","itemListElement":[{"@type":"ListItem","position":1,"name":"Home","item":"https:\/\/luises.com\/"},{"@type":"ListItem","position":2,"name":"Especial COVID","item":"https:\/\/luises.com\/index.php\/especial-covid\/"},{"@type":"ListItem","position":3,"name":"Aspiradores con filtrado HEPA"}]},{"@type":"WebSite","@id":"https:\/\/luises.com\/#website","url":"https:\/\/luises.com\/","name":"Luises Interiorismo","description":"Estudio de interiorismo en Oviedo","potentialAction":[{"@type":"SearchAction","target":{"@type":"EntryPoint","urlTemplate":"https:\/\/luises.com\/?s={search_term_string}"},"query-input":{"@type":"PropertyValueSpecification","valueRequired":true,"valueName":"search_term_string"}}],"inLanguage":"es"}]}},"jetpack_sharing_enabled":true,"_links":{"self":[{"href":"https:\/\/luises.com\/index.php\/wp-json\/wp\/v2\/pages\/220","targetHints":{"allow":["GET"]}}],"collection":[{"href":"https:\/\/luises.com\/index.php\/wp-json\/wp\/v2\/pages"}],"about":[{"href":"https:\/\/luises.com\/index.php\/wp-json\/wp\/v2\/types\/page"}],"author":[{"embeddable":true,"href":"https:\/\/luises.com\/index.php\/wp-json\/wp\/v2\/users\/1"}],"replies":[{"embeddable":true,"href":"https:\/\/luises.com\/index.php\/wp-json\/wp\/v2\/comments?post=220"}],"version-history":[{"count":4,"href":"https:\/\/luises.com\/index.php\/wp-json\/wp\/v2\/pages\/220\/revisions"}],"predecessor-version":[{"id":238,"href":"https:\/\/luises.com\/index.php\/wp-json\/wp\/v2\/pages\/220\/revisions\/238"}],"up":[{"embeddable":true,"href":"https:\/\/luises.com\/index.php\/wp-json\/wp\/v2\/pages\/2"}],"wp:featuredmedia":[{"embeddable":true,"href":"https:\/\/luises.com\/index.php\/wp-json\/wp\/v2\/media\/237"}],"wp:attachment":[{"href":"https:\/\/luises.com\/index.php\/wp-json\/wp\/v2\/media?parent=220"}],"curies":[{"name":"wp","href":"https:\/\/api.w.org\/{rel}","templated":true}]}}