{"id":171,"date":"2020-04-24T21:17:21","date_gmt":"2020-04-24T21:17:21","guid":{"rendered":"https:\/\/luises.com\/?page_id=171"},"modified":"2020-05-01T08:48:01","modified_gmt":"2020-05-01T08:48:01","slug":"filtrado-del-aire","status":"publish","type":"page","link":"https:\/\/luises.com\/index.php\/especial-covid\/filtrado-del-aire\/","title":{"rendered":"Filtrado del aire"},"content":{"rendered":"\n<h2 class=\"wp-block-heading\">Sistema de ionizaci\u00f3n<\/h2>\n\n\n\n<h4 class=\"wp-block-heading\">BELLARIA &#8211; Purificaci\u00f3n y limpieza del aire mediante ionizaci\u00f3n<\/h4>\n\n\n\n<figure class=\"wp-block-embed-vimeo wp-block-embed is-type-video is-provider-vimeo wp-embed-aspect-16-9 wp-has-aspect-ratio\"><div class=\"wp-block-embed__wrapper\">\n<iframe loading=\"lazy\" title=\"Bellaria. Pure design. (ES)\" src=\"https:\/\/player.vimeo.com\/video\/247308601?dnt=1&amp;app_id=122963\" width=\"525\" height=\"295\" frameborder=\"0\" allow=\"autoplay; fullscreen; picture-in-picture; clipboard-write\"><\/iframe>\n<\/div><\/figure>\n\n\n\n<p>Es estupendo respirar aire puro de nuevo, para cuidar de nosotros mismos y para el bienestar de la gente que queremos. Y todav\u00eda se siente mejor cuando lo haces con Bellaria, seleccionada para estar en armon\u00eda, con todas las tendencias de decoraci\u00f3n y gustos: en el sal\u00f3n, la cocina, en el lugar de trabajo, donde quieras. Adem\u00e1s, Bellaria tiene una doble funci\u00f3n, a la vez que purifica el aire, proporciona luz ambiental con un led con intensidad regulable.<\/p>\n\n\n\n<div class=\"wp-block-image\"><figure class=\"aligncenter size-large\"><img data-recalc-dims=\"1\" loading=\"lazy\" decoding=\"async\" width=\"525\" height=\"282\" src=\"https:\/\/i0.wp.com\/luises.com\/wp-content\/uploads\/2020\/04\/bellaria.jpg?resize=525%2C282&#038;ssl=1\" alt=\"\" class=\"wp-image-175\" srcset=\"https:\/\/i0.wp.com\/luises.com\/wp-content\/uploads\/2020\/04\/bellaria.jpg?w=600&amp;ssl=1 600w, https:\/\/i0.wp.com\/luises.com\/wp-content\/uploads\/2020\/04\/bellaria.jpg?resize=300%2C161&amp;ssl=1 300w\" sizes=\"auto, (max-width: 525px) 100vw, 525px\" \/><\/figure><\/div>\n\n\n\n<p><a href=\"http:\/\/www.bellaria.falmec.com\/tecnologia.php\">Datos t\u00e9cnicos BELLARIA<\/a><\/p>\n\n\n\n<h2 class=\"wp-block-heading\">Sistema de filtrado de aire con luz UV<\/h2>\n\n\n\n<p>Limpia el aire mediante un sistema de <strong>filtrado de 3 capas<\/strong> (pre-filtro+<strong>filtro HEPA<\/strong>+filtro de carb\u00f3n) y adicionalmente una luz ultravioleta seleccionable<\/p>\n\n\n\n<div class=\"wp-block-image\"><figure class=\"aligncenter size-large is-resized\"><img data-recalc-dims=\"1\" loading=\"lazy\" decoding=\"async\" src=\"https:\/\/i0.wp.com\/luises.com\/wp-content\/uploads\/2020\/04\/LR-500-BEURER-4.jpg?resize=180%2C238&#038;ssl=1\" alt=\"\" class=\"wp-image-138\" width=\"180\" height=\"238\" srcset=\"https:\/\/i0.wp.com\/luises.com\/wp-content\/uploads\/2020\/04\/LR-500-BEURER-4.jpg?w=434&amp;ssl=1 434w, https:\/\/i0.wp.com\/luises.com\/wp-content\/uploads\/2020\/04\/LR-500-BEURER-4.jpg?resize=226%2C300&amp;ssl=1 226w\" sizes=\"auto, (max-width: 180px) 100vw, 180px\" \/><\/figure><\/div>\n\n\n\n<p>Os ofrecemos un sistema de control por bluetooth adecuado a espacios de 35 a 100m2.<br>Incluye un <strong>sensor PM 2.5 <\/strong>que detecta part\u00edculas finas de polvo y <strong>eval\u00faa la calidad del aire<\/strong> ambiente en interiores<br><strong>Sincroniza los datos v\u00eda Bluetooth<\/strong> y funciona mediante conexi\u00f3n Wifi.<\/p>\n\n\n\n<figure class=\"wp-block-gallery columns-4 is-cropped wp-block-gallery-1 is-layout-flex wp-block-gallery-is-layout-flex\"><ul class=\"blocks-gallery-grid\"><li class=\"blocks-gallery-item\"><figure><img data-recalc-dims=\"1\" loading=\"lazy\" decoding=\"async\" width=\"330\" height=\"575\" src=\"https:\/\/i0.wp.com\/luises.com\/wp-content\/uploads\/2020\/04\/LR-500-BEURER-2.jpg?resize=330%2C575&#038;ssl=1\" alt=\"\" data-id=\"136\" data-full-url=\"https:\/\/luises.com\/wp-content\/uploads\/2020\/04\/LR-500-BEURER-2.jpg\" data-link=\"https:\/\/luises.com\/index.php\/especial-covid\/lr-500-beurer-2\/\" class=\"wp-image-136\" srcset=\"https:\/\/i0.wp.com\/luises.com\/wp-content\/uploads\/2020\/04\/LR-500-BEURER-2.jpg?w=330&amp;ssl=1 330w, https:\/\/i0.wp.com\/luises.com\/wp-content\/uploads\/2020\/04\/LR-500-BEURER-2.jpg?resize=172%2C300&amp;ssl=1 172w\" sizes=\"auto, (max-width: 330px) 100vw, 330px\" \/><\/figure><\/li><li class=\"blocks-gallery-item\"><figure><img data-recalc-dims=\"1\" loading=\"lazy\" decoding=\"async\" width=\"330\" height=\"575\" src=\"https:\/\/i0.wp.com\/luises.com\/wp-content\/uploads\/2020\/04\/LR-500-BEURER-3.jpg?resize=330%2C575&#038;ssl=1\" alt=\"\" data-id=\"137\" data-full-url=\"https:\/\/luises.com\/wp-content\/uploads\/2020\/04\/LR-500-BEURER-3.jpg\" data-link=\"https:\/\/luises.com\/index.php\/especial-covid\/lr-500-beurer-3\/\" class=\"wp-image-137\" srcset=\"https:\/\/i0.wp.com\/luises.com\/wp-content\/uploads\/2020\/04\/LR-500-BEURER-3.jpg?w=330&amp;ssl=1 330w, https:\/\/i0.wp.com\/luises.com\/wp-content\/uploads\/2020\/04\/LR-500-BEURER-3.jpg?resize=172%2C300&amp;ssl=1 172w\" sizes=\"auto, (max-width: 330px) 100vw, 330px\" \/><\/figure><\/li><li class=\"blocks-gallery-item\"><figure><img data-recalc-dims=\"1\" loading=\"lazy\" decoding=\"async\" width=\"525\" height=\"525\" src=\"https:\/\/i0.wp.com\/luises.com\/wp-content\/uploads\/2020\/04\/LR-500-BEURER-0.jpg?resize=525%2C525&#038;ssl=1\" alt=\"\" data-id=\"134\" data-full-url=\"https:\/\/luises.com\/wp-content\/uploads\/2020\/04\/LR-500-BEURER-0.jpg\" data-link=\"https:\/\/luises.com\/index.php\/especial-covid\/lr-500-beurer-0\/\" class=\"wp-image-134\" srcset=\"https:\/\/i0.wp.com\/luises.com\/wp-content\/uploads\/2020\/04\/LR-500-BEURER-0.jpg?w=600&amp;ssl=1 600w, https:\/\/i0.wp.com\/luises.com\/wp-content\/uploads\/2020\/04\/LR-500-BEURER-0.jpg?resize=300%2C300&amp;ssl=1 300w, https:\/\/i0.wp.com\/luises.com\/wp-content\/uploads\/2020\/04\/LR-500-BEURER-0.jpg?resize=150%2C150&amp;ssl=1 150w, https:\/\/i0.wp.com\/luises.com\/wp-content\/uploads\/2020\/04\/LR-500-BEURER-0.jpg?resize=100%2C100&amp;ssl=1 100w\" sizes=\"auto, (max-width: 525px) 100vw, 525px\" \/><\/figure><\/li><li class=\"blocks-gallery-item\"><figure><img data-recalc-dims=\"1\" loading=\"lazy\" decoding=\"async\" width=\"302\" height=\"575\" src=\"https:\/\/i0.wp.com\/luises.com\/wp-content\/uploads\/2020\/04\/LR-500-BEURER-1.jpg?resize=302%2C575&#038;ssl=1\" alt=\"\" data-id=\"135\" data-full-url=\"https:\/\/luises.com\/wp-content\/uploads\/2020\/04\/LR-500-BEURER-1.jpg\" data-link=\"https:\/\/luises.com\/index.php\/especial-covid\/lr-500-beurer-1\/\" class=\"wp-image-135\" srcset=\"https:\/\/i0.wp.com\/luises.com\/wp-content\/uploads\/2020\/04\/LR-500-BEURER-1.jpg?w=302&amp;ssl=1 302w, https:\/\/i0.wp.com\/luises.com\/wp-content\/uploads\/2020\/04\/LR-500-BEURER-1.jpg?resize=158%2C300&amp;ssl=1 158w\" sizes=\"auto, (max-width: 302px) 100vw, 302px\" \/><\/figure><\/li><\/ul><\/figure>\n\n\n\n<p>Y para espacios menores de 55m2 su versi\u00f3n compacta<\/p>\n\n\n\n<figure class=\"wp-block-gallery aligncenter columns-3 wp-block-gallery-2 is-layout-flex wp-block-gallery-is-layout-flex\"><ul class=\"blocks-gallery-grid\"><li class=\"blocks-gallery-item\"><figure><img data-recalc-dims=\"1\" loading=\"lazy\" decoding=\"async\" width=\"295\" height=\"300\" src=\"https:\/\/i0.wp.com\/luises.com\/wp-content\/uploads\/2020\/04\/LR-310-BEURER-0.jpg?resize=295%2C300&#038;ssl=1\" alt=\"\" data-id=\"140\" data-full-url=\"https:\/\/luises.com\/wp-content\/uploads\/2020\/04\/LR-310-BEURER-0.jpg\" data-link=\"https:\/\/luises.com\/index.php\/especial-covid\/lr-310-beurer-0\/\" class=\"wp-image-140\" srcset=\"https:\/\/i0.wp.com\/luises.com\/wp-content\/uploads\/2020\/04\/LR-310-BEURER-0.jpg?resize=295%2C300&amp;ssl=1 295w, https:\/\/i0.wp.com\/luises.com\/wp-content\/uploads\/2020\/04\/LR-310-BEURER-0.jpg?resize=768%2C781&amp;ssl=1 768w, https:\/\/i0.wp.com\/luises.com\/wp-content\/uploads\/2020\/04\/LR-310-BEURER-0.jpg?w=932&amp;ssl=1 932w\" sizes=\"auto, (max-width: 295px) 100vw, 295px\" \/><\/figure><\/li><li class=\"blocks-gallery-item\"><figure><img data-recalc-dims=\"1\" loading=\"lazy\" decoding=\"async\" width=\"300\" height=\"300\" src=\"https:\/\/i0.wp.com\/luises.com\/wp-content\/uploads\/2020\/04\/LR-310-BEURER-3.png?resize=300%2C300&#038;ssl=1\" alt=\"\" data-id=\"143\" data-full-url=\"https:\/\/luises.com\/wp-content\/uploads\/2020\/04\/LR-310-BEURER-3.png\" data-link=\"https:\/\/luises.com\/index.php\/especial-covid\/lr-310-beurer-3\/\" class=\"wp-image-143\" srcset=\"https:\/\/i0.wp.com\/luises.com\/wp-content\/uploads\/2020\/04\/LR-310-BEURER-3.png?resize=300%2C300&amp;ssl=1 300w, https:\/\/i0.wp.com\/luises.com\/wp-content\/uploads\/2020\/04\/LR-310-BEURER-3.png?resize=1024%2C1024&amp;ssl=1 1024w, https:\/\/i0.wp.com\/luises.com\/wp-content\/uploads\/2020\/04\/LR-310-BEURER-3.png?resize=150%2C150&amp;ssl=1 150w, https:\/\/i0.wp.com\/luises.com\/wp-content\/uploads\/2020\/04\/LR-310-BEURER-3.png?resize=768%2C768&amp;ssl=1 768w, https:\/\/i0.wp.com\/luises.com\/wp-content\/uploads\/2020\/04\/LR-310-BEURER-3.png?resize=100%2C100&amp;ssl=1 100w, https:\/\/i0.wp.com\/luises.com\/wp-content\/uploads\/2020\/04\/LR-310-BEURER-3.png?w=1200&amp;ssl=1 1200w\" sizes=\"auto, (max-width: 300px) 100vw, 300px\" \/><\/figure><\/li><li class=\"blocks-gallery-item\"><figure><img data-recalc-dims=\"1\" loading=\"lazy\" decoding=\"async\" width=\"300\" height=\"300\" src=\"https:\/\/i0.wp.com\/luises.com\/wp-content\/uploads\/2020\/04\/LR-310-BEURER-2.jpg?resize=300%2C300&#038;ssl=1\" alt=\"\" data-id=\"142\" data-full-url=\"https:\/\/luises.com\/wp-content\/uploads\/2020\/04\/LR-310-BEURER-2.jpg\" data-link=\"https:\/\/luises.com\/index.php\/especial-covid\/lr-310-beurer-2\/\" class=\"wp-image-142\" srcset=\"https:\/\/i0.wp.com\/luises.com\/wp-content\/uploads\/2020\/04\/LR-310-BEURER-2.jpg?resize=300%2C300&amp;ssl=1 300w, https:\/\/i0.wp.com\/luises.com\/wp-content\/uploads\/2020\/04\/LR-310-BEURER-2.jpg?resize=1024%2C1024&amp;ssl=1 1024w, https:\/\/i0.wp.com\/luises.com\/wp-content\/uploads\/2020\/04\/LR-310-BEURER-2.jpg?resize=150%2C150&amp;ssl=1 150w, https:\/\/i0.wp.com\/luises.com\/wp-content\/uploads\/2020\/04\/LR-310-BEURER-2.jpg?resize=768%2C768&amp;ssl=1 768w, https:\/\/i0.wp.com\/luises.com\/wp-content\/uploads\/2020\/04\/LR-310-BEURER-2.jpg?resize=100%2C100&amp;ssl=1 100w, https:\/\/i0.wp.com\/luises.com\/wp-content\/uploads\/2020\/04\/LR-310-BEURER-2.jpg?w=1200&amp;ssl=1 1200w\" sizes=\"auto, (max-width: 300px) 100vw, 300px\" \/><\/figure><\/li><li class=\"blocks-gallery-item\"><figure><img data-recalc-dims=\"1\" loading=\"lazy\" decoding=\"async\" width=\"197\" height=\"300\" src=\"https:\/\/i0.wp.com\/luises.com\/wp-content\/uploads\/2020\/04\/LR-310-BEURER-1.jpg?resize=197%2C300&#038;ssl=1\" alt=\"\" data-id=\"141\" data-full-url=\"https:\/\/luises.com\/wp-content\/uploads\/2020\/04\/LR-310-BEURER-1.jpg\" data-link=\"https:\/\/luises.com\/index.php\/especial-covid\/lr-310-beurer-1\/\" class=\"wp-image-141\" srcset=\"https:\/\/i0.wp.com\/luises.com\/wp-content\/uploads\/2020\/04\/LR-310-BEURER-1.jpg?resize=197%2C300&amp;ssl=1 197w, https:\/\/i0.wp.com\/luises.com\/wp-content\/uploads\/2020\/04\/LR-310-BEURER-1.jpg?resize=672%2C1024&amp;ssl=1 672w, https:\/\/i0.wp.com\/luises.com\/wp-content\/uploads\/2020\/04\/LR-310-BEURER-1.jpg?resize=768%2C1170&amp;ssl=1 768w, https:\/\/i0.wp.com\/luises.com\/wp-content\/uploads\/2020\/04\/LR-310-BEURER-1.jpg?w=985&amp;ssl=1 985w\" sizes=\"auto, (max-width: 197px) 100vw, 197px\" \/><\/figure><\/li><\/ul><\/figure>\n","protected":false},"excerpt":{"rendered":"<p>Sistema de ionizaci\u00f3n BELLARIA &#8211; Purificaci\u00f3n y limpieza del aire mediante ionizaci\u00f3n Es estupendo respirar aire puro de nuevo, para cuidar de nosotros mismos y para el bienestar de la gente que queremos. Y todav\u00eda se siente mejor cuando lo haces con Bellaria, seleccionada para estar en armon\u00eda, con todas las tendencias de decoraci\u00f3n y &hellip; <\/p>\n<p class=\"link-more\"><a href=\"https:\/\/luises.com\/index.php\/especial-covid\/filtrado-del-aire\/\" class=\"more-link\">Continuar leyendo<span class=\"screen-reader-text\"> \u00abFiltrado del aire\u00bb<\/span><\/a><\/p>\n","protected":false},"author":1,"featured_media":138,"parent":2,"menu_order":0,"comment_status":"closed","ping_status":"closed","template":"","meta":{"footnotes":""},"class_list":["post-171","page","type-page","status-publish","has-post-thumbnail","hentry"],"yoast_head":"<!-- This site is optimized with the Yoast SEO plugin v27.3 - https:\/\/yoast.com\/product\/yoast-seo-wordpress\/ -->\n<title>Filtrado del aire - Luises Interiorismo<\/title>\n<meta name=\"robots\" content=\"index, follow, max-snippet:-1, max-image-preview:large, max-video-preview:-1\" \/>\n<link rel=\"canonical\" href=\"https:\/\/luises.com\/index.php\/especial-covid\/filtrado-del-aire\/\" \/>\n<meta property=\"og:locale\" content=\"es_ES\" \/>\n<meta property=\"og:type\" content=\"article\" \/>\n<meta property=\"og:title\" content=\"Filtrado del aire - Luises Interiorismo\" \/>\n<meta property=\"og:description\" content=\"Sistema de ionizaci\u00f3n BELLARIA &#8211; Purificaci\u00f3n y limpieza del aire mediante ionizaci\u00f3n Es estupendo respirar aire puro de nuevo, para cuidar de nosotros mismos y para el bienestar de la gente que queremos. Y todav\u00eda se siente mejor cuando lo haces con Bellaria, seleccionada para estar en armon\u00eda, con todas las tendencias de decoraci\u00f3n y &hellip; Continuar leyendo &quot;Filtrado del aire&quot;\" \/>\n<meta property=\"og:url\" content=\"https:\/\/luises.com\/index.php\/especial-covid\/filtrado-del-aire\/\" \/>\n<meta property=\"og:site_name\" content=\"Luises Interiorismo\" \/>\n<meta property=\"article:modified_time\" content=\"2020-05-01T08:48:01+00:00\" \/>\n<meta property=\"og:image\" content=\"https:\/\/i1.wp.com\/luises.com\/wp-content\/uploads\/2020\/04\/LR-500-BEURER-4.jpg?fit=434%2C575&ssl=1\" \/>\n\t<meta property=\"og:image:width\" content=\"434\" \/>\n\t<meta property=\"og:image:height\" content=\"575\" \/>\n\t<meta property=\"og:image:type\" content=\"image\/jpeg\" \/>\n<meta name=\"twitter:card\" content=\"summary_large_image\" \/>\n<meta name=\"twitter:label1\" content=\"Tiempo de lectura\" \/>\n\t<meta name=\"twitter:data1\" content=\"1 minuto\" \/>\n<script type=\"application\/ld+json\" class=\"yoast-schema-graph\">{\"@context\":\"https:\\\/\\\/schema.org\",\"@graph\":[{\"@type\":\"WebPage\",\"@id\":\"https:\\\/\\\/luises.com\\\/index.php\\\/especial-covid\\\/filtrado-del-aire\\\/\",\"url\":\"https:\\\/\\\/luises.com\\\/index.php\\\/especial-covid\\\/filtrado-del-aire\\\/\",\"name\":\"Filtrado del aire - Luises Interiorismo\",\"isPartOf\":{\"@id\":\"https:\\\/\\\/luises.com\\\/#website\"},\"primaryImageOfPage\":{\"@id\":\"https:\\\/\\\/luises.com\\\/index.php\\\/especial-covid\\\/filtrado-del-aire\\\/#primaryimage\"},\"image\":{\"@id\":\"https:\\\/\\\/luises.com\\\/index.php\\\/especial-covid\\\/filtrado-del-aire\\\/#primaryimage\"},\"thumbnailUrl\":\"https:\\\/\\\/i0.wp.com\\\/luises.com\\\/wp-content\\\/uploads\\\/2020\\\/04\\\/LR-500-BEURER-4.jpg?fit=434%2C575&ssl=1\",\"datePublished\":\"2020-04-24T21:17:21+00:00\",\"dateModified\":\"2020-05-01T08:48:01+00:00\",\"breadcrumb\":{\"@id\":\"https:\\\/\\\/luises.com\\\/index.php\\\/especial-covid\\\/filtrado-del-aire\\\/#breadcrumb\"},\"inLanguage\":\"es\",\"potentialAction\":[{\"@type\":\"ReadAction\",\"target\":[\"https:\\\/\\\/luises.com\\\/index.php\\\/especial-covid\\\/filtrado-del-aire\\\/\"]}]},{\"@type\":\"ImageObject\",\"inLanguage\":\"es\",\"@id\":\"https:\\\/\\\/luises.com\\\/index.php\\\/especial-covid\\\/filtrado-del-aire\\\/#primaryimage\",\"url\":\"https:\\\/\\\/i0.wp.com\\\/luises.com\\\/wp-content\\\/uploads\\\/2020\\\/04\\\/LR-500-BEURER-4.jpg?fit=434%2C575&ssl=1\",\"contentUrl\":\"https:\\\/\\\/i0.wp.com\\\/luises.com\\\/wp-content\\\/uploads\\\/2020\\\/04\\\/LR-500-BEURER-4.jpg?fit=434%2C575&ssl=1\",\"width\":434,\"height\":575},{\"@type\":\"BreadcrumbList\",\"@id\":\"https:\\\/\\\/luises.com\\\/index.php\\\/especial-covid\\\/filtrado-del-aire\\\/#breadcrumb\",\"itemListElement\":[{\"@type\":\"ListItem\",\"position\":1,\"name\":\"Home\",\"item\":\"https:\\\/\\\/luises.com\\\/\"},{\"@type\":\"ListItem\",\"position\":2,\"name\":\"Especial COVID\",\"item\":\"https:\\\/\\\/luises.com\\\/index.php\\\/especial-covid\\\/\"},{\"@type\":\"ListItem\",\"position\":3,\"name\":\"Filtrado del aire\"}]},{\"@type\":\"WebSite\",\"@id\":\"https:\\\/\\\/luises.com\\\/#website\",\"url\":\"https:\\\/\\\/luises.com\\\/\",\"name\":\"Luises Interiorismo\",\"description\":\"Estudio de interiorismo en Oviedo\",\"potentialAction\":[{\"@type\":\"SearchAction\",\"target\":{\"@type\":\"EntryPoint\",\"urlTemplate\":\"https:\\\/\\\/luises.com\\\/?s={search_term_string}\"},\"query-input\":{\"@type\":\"PropertyValueSpecification\",\"valueRequired\":true,\"valueName\":\"search_term_string\"}}],\"inLanguage\":\"es\"}]}<\/script>\n<!-- \/ Yoast SEO plugin. -->","yoast_head_json":{"title":"Filtrado del aire - Luises Interiorismo","robots":{"index":"index","follow":"follow","max-snippet":"max-snippet:-1","max-image-preview":"max-image-preview:large","max-video-preview":"max-video-preview:-1"},"canonical":"https:\/\/luises.com\/index.php\/especial-covid\/filtrado-del-aire\/","og_locale":"es_ES","og_type":"article","og_title":"Filtrado del aire - Luises Interiorismo","og_description":"Sistema de ionizaci\u00f3n BELLARIA &#8211; Purificaci\u00f3n y limpieza del aire mediante ionizaci\u00f3n Es estupendo respirar aire puro de nuevo, para cuidar de nosotros mismos y para el bienestar de la gente que queremos. Y todav\u00eda se siente mejor cuando lo haces con Bellaria, seleccionada para estar en armon\u00eda, con todas las tendencias de decoraci\u00f3n y &hellip; Continuar leyendo \"Filtrado del aire\"","og_url":"https:\/\/luises.com\/index.php\/especial-covid\/filtrado-del-aire\/","og_site_name":"Luises Interiorismo","article_modified_time":"2020-05-01T08:48:01+00:00","og_image":[{"width":434,"height":575,"url":"https:\/\/i1.wp.com\/luises.com\/wp-content\/uploads\/2020\/04\/LR-500-BEURER-4.jpg?fit=434%2C575&ssl=1","type":"image\/jpeg"}],"twitter_card":"summary_large_image","twitter_misc":{"Tiempo de lectura":"1 minuto"},"schema":{"@context":"https:\/\/schema.org","@graph":[{"@type":"WebPage","@id":"https:\/\/luises.com\/index.php\/especial-covid\/filtrado-del-aire\/","url":"https:\/\/luises.com\/index.php\/especial-covid\/filtrado-del-aire\/","name":"Filtrado del aire - Luises Interiorismo","isPartOf":{"@id":"https:\/\/luises.com\/#website"},"primaryImageOfPage":{"@id":"https:\/\/luises.com\/index.php\/especial-covid\/filtrado-del-aire\/#primaryimage"},"image":{"@id":"https:\/\/luises.com\/index.php\/especial-covid\/filtrado-del-aire\/#primaryimage"},"thumbnailUrl":"https:\/\/i0.wp.com\/luises.com\/wp-content\/uploads\/2020\/04\/LR-500-BEURER-4.jpg?fit=434%2C575&ssl=1","datePublished":"2020-04-24T21:17:21+00:00","dateModified":"2020-05-01T08:48:01+00:00","breadcrumb":{"@id":"https:\/\/luises.com\/index.php\/especial-covid\/filtrado-del-aire\/#breadcrumb"},"inLanguage":"es","potentialAction":[{"@type":"ReadAction","target":["https:\/\/luises.com\/index.php\/especial-covid\/filtrado-del-aire\/"]}]},{"@type":"ImageObject","inLanguage":"es","@id":"https:\/\/luises.com\/index.php\/especial-covid\/filtrado-del-aire\/#primaryimage","url":"https:\/\/i0.wp.com\/luises.com\/wp-content\/uploads\/2020\/04\/LR-500-BEURER-4.jpg?fit=434%2C575&ssl=1","contentUrl":"https:\/\/i0.wp.com\/luises.com\/wp-content\/uploads\/2020\/04\/LR-500-BEURER-4.jpg?fit=434%2C575&ssl=1","width":434,"height":575},{"@type":"BreadcrumbList","@id":"https:\/\/luises.com\/index.php\/especial-covid\/filtrado-del-aire\/#breadcrumb","itemListElement":[{"@type":"ListItem","position":1,"name":"Home","item":"https:\/\/luises.com\/"},{"@type":"ListItem","position":2,"name":"Especial COVID","item":"https:\/\/luises.com\/index.php\/especial-covid\/"},{"@type":"ListItem","position":3,"name":"Filtrado del aire"}]},{"@type":"WebSite","@id":"https:\/\/luises.com\/#website","url":"https:\/\/luises.com\/","name":"Luises Interiorismo","description":"Estudio de interiorismo en Oviedo","potentialAction":[{"@type":"SearchAction","target":{"@type":"EntryPoint","urlTemplate":"https:\/\/luises.com\/?s={search_term_string}"},"query-input":{"@type":"PropertyValueSpecification","valueRequired":true,"valueName":"search_term_string"}}],"inLanguage":"es"}]}},"jetpack_sharing_enabled":true,"_links":{"self":[{"href":"https:\/\/luises.com\/index.php\/wp-json\/wp\/v2\/pages\/171","targetHints":{"allow":["GET"]}}],"collection":[{"href":"https:\/\/luises.com\/index.php\/wp-json\/wp\/v2\/pages"}],"about":[{"href":"https:\/\/luises.com\/index.php\/wp-json\/wp\/v2\/types\/page"}],"author":[{"embeddable":true,"href":"https:\/\/luises.com\/index.php\/wp-json\/wp\/v2\/users\/1"}],"replies":[{"embeddable":true,"href":"https:\/\/luises.com\/index.php\/wp-json\/wp\/v2\/comments?post=171"}],"version-history":[{"count":4,"href":"https:\/\/luises.com\/index.php\/wp-json\/wp\/v2\/pages\/171\/revisions"}],"predecessor-version":[{"id":186,"href":"https:\/\/luises.com\/index.php\/wp-json\/wp\/v2\/pages\/171\/revisions\/186"}],"up":[{"embeddable":true,"href":"https:\/\/luises.com\/index.php\/wp-json\/wp\/v2\/pages\/2"}],"wp:featuredmedia":[{"embeddable":true,"href":"https:\/\/luises.com\/index.php\/wp-json\/wp\/v2\/media\/138"}],"wp:attachment":[{"href":"https:\/\/luises.com\/index.php\/wp-json\/wp\/v2\/media?parent=171"}],"curies":[{"name":"wp","href":"https:\/\/api.w.org\/{rel}","templated":true}]}}