{"id":149,"date":"2020-04-24T18:16:55","date_gmt":"2020-04-24T18:16:55","guid":{"rendered":"https:\/\/luises.com\/?page_id=149"},"modified":"2020-04-24T18:18:32","modified_gmt":"2020-04-24T18:18:32","slug":"mamparas-protectoras-covid","status":"publish","type":"page","link":"https:\/\/luises.com\/index.php\/especial-covid\/mamparas-protectoras-covid\/","title":{"rendered":"Mamparas protectoras COVID"},"content":{"rendered":"\n<p>Mamparas protectoras en cristal templado o en metacrilato. Con opci\u00f3n de personalizaci\u00f3n para su negocio. Soportes met\u00e1licos estables e higi\u00e9nicos.<\/p>\n\n\n\n<figure class=\"wp-block-gallery columns-3 wp-block-gallery-1 is-layout-flex wp-block-gallery-is-layout-flex\"><ul class=\"blocks-gallery-grid\"><li class=\"blocks-gallery-item\"><figure><img data-recalc-dims=\"1\" loading=\"lazy\" decoding=\"async\" width=\"525\" height=\"369\" src=\"https:\/\/i0.wp.com\/luises.com\/wp-content\/uploads\/2020\/04\/Mampara12.jpg?resize=525%2C369&#038;ssl=1\" alt=\"\" data-id=\"79\" data-full-url=\"https:\/\/luises.com\/wp-content\/uploads\/2020\/04\/Mampara12.jpg\" data-link=\"https:\/\/luises.com\/index.php\/especial-covid\/mampara12\/\" class=\"wp-image-79\" srcset=\"https:\/\/i0.wp.com\/luises.com\/wp-content\/uploads\/2020\/04\/Mampara12.jpg?w=789&amp;ssl=1 789w, https:\/\/i0.wp.com\/luises.com\/wp-content\/uploads\/2020\/04\/Mampara12.jpg?resize=300%2C211&amp;ssl=1 300w, https:\/\/i0.wp.com\/luises.com\/wp-content\/uploads\/2020\/04\/Mampara12.jpg?resize=768%2C539&amp;ssl=1 768w\" sizes=\"auto, (max-width: 767px) 89vw, (max-width: 1000px) 54vw, (max-width: 1071px) 543px, 580px\" \/><figcaption class=\"blocks-gallery-item__caption\">Carnicerias<\/figcaption><\/figure><\/li><li class=\"blocks-gallery-item\"><figure><img data-recalc-dims=\"1\" loading=\"lazy\" decoding=\"async\" width=\"525\" height=\"369\" src=\"https:\/\/i0.wp.com\/luises.com\/wp-content\/uploads\/2020\/04\/Mampara11.jpg?resize=525%2C369&#038;ssl=1\" alt=\"\" data-id=\"78\" data-full-url=\"https:\/\/luises.com\/wp-content\/uploads\/2020\/04\/Mampara11.jpg\" data-link=\"https:\/\/luises.com\/index.php\/especial-covid\/mampara11\/\" class=\"wp-image-78\" srcset=\"https:\/\/i0.wp.com\/luises.com\/wp-content\/uploads\/2020\/04\/Mampara11.jpg?w=788&amp;ssl=1 788w, https:\/\/i0.wp.com\/luises.com\/wp-content\/uploads\/2020\/04\/Mampara11.jpg?resize=300%2C211&amp;ssl=1 300w, https:\/\/i0.wp.com\/luises.com\/wp-content\/uploads\/2020\/04\/Mampara11.jpg?resize=768%2C540&amp;ssl=1 768w\" sizes=\"auto, (max-width: 767px) 89vw, (max-width: 1000px) 54vw, (max-width: 1071px) 543px, 580px\" \/><figcaption class=\"blocks-gallery-item__caption\">Panaderias<\/figcaption><\/figure><\/li><li class=\"blocks-gallery-item\"><figure><img data-recalc-dims=\"1\" loading=\"lazy\" decoding=\"async\" width=\"525\" height=\"378\" src=\"https:\/\/i0.wp.com\/luises.com\/wp-content\/uploads\/2020\/04\/Mampara9.jpg?resize=525%2C378&#038;ssl=1\" alt=\"\" data-id=\"76\" data-full-url=\"https:\/\/luises.com\/wp-content\/uploads\/2020\/04\/Mampara9.jpg\" data-link=\"https:\/\/luises.com\/index.php\/especial-covid\/mampara9\/\" class=\"wp-image-76\" srcset=\"https:\/\/i0.wp.com\/luises.com\/wp-content\/uploads\/2020\/04\/Mampara9.jpg?resize=1024%2C738&amp;ssl=1 1024w, https:\/\/i0.wp.com\/luises.com\/wp-content\/uploads\/2020\/04\/Mampara9.jpg?resize=300%2C216&amp;ssl=1 300w, https:\/\/i0.wp.com\/luises.com\/wp-content\/uploads\/2020\/04\/Mampara9.jpg?resize=768%2C554&amp;ssl=1 768w, https:\/\/i0.wp.com\/luises.com\/wp-content\/uploads\/2020\/04\/Mampara9.jpg?resize=1536%2C1107&amp;ssl=1 1536w, https:\/\/i0.wp.com\/luises.com\/wp-content\/uploads\/2020\/04\/Mampara9.jpg?resize=2048%2C1477&amp;ssl=1 2048w\" sizes=\"auto, (max-width: 767px) 89vw, (max-width: 1000px) 54vw, (max-width: 1071px) 543px, 580px\" \/><figcaption class=\"blocks-gallery-item__caption\">Mercados<\/figcaption><\/figure><\/li><li class=\"blocks-gallery-item\"><figure><img data-recalc-dims=\"1\" loading=\"lazy\" decoding=\"async\" width=\"525\" height=\"345\" src=\"https:\/\/i0.wp.com\/luises.com\/wp-content\/uploads\/2020\/04\/Mampara8.jpg?resize=525%2C345&#038;ssl=1\" alt=\"\" data-id=\"75\" data-full-url=\"https:\/\/luises.com\/wp-content\/uploads\/2020\/04\/Mampara8.jpg\" data-link=\"https:\/\/luises.com\/index.php\/especial-covid\/mampara8\/\" class=\"wp-image-75\" srcset=\"https:\/\/i0.wp.com\/luises.com\/wp-content\/uploads\/2020\/04\/Mampara8.jpg?resize=1024%2C673&amp;ssl=1 1024w, https:\/\/i0.wp.com\/luises.com\/wp-content\/uploads\/2020\/04\/Mampara8.jpg?resize=300%2C197&amp;ssl=1 300w, https:\/\/i0.wp.com\/luises.com\/wp-content\/uploads\/2020\/04\/Mampara8.jpg?resize=768%2C505&amp;ssl=1 768w, https:\/\/i0.wp.com\/luises.com\/wp-content\/uploads\/2020\/04\/Mampara8.jpg?resize=1536%2C1010&amp;ssl=1 1536w, https:\/\/i0.wp.com\/luises.com\/wp-content\/uploads\/2020\/04\/Mampara8.jpg?resize=2048%2C1346&amp;ssl=1 2048w\" sizes=\"auto, (max-width: 767px) 89vw, (max-width: 1000px) 54vw, (max-width: 1071px) 543px, 580px\" \/><figcaption class=\"blocks-gallery-item__caption\">Tiendas<\/figcaption><\/figure><\/li><li class=\"blocks-gallery-item\"><figure><img data-recalc-dims=\"1\" loading=\"lazy\" decoding=\"async\" width=\"525\" height=\"380\" src=\"https:\/\/i0.wp.com\/luises.com\/wp-content\/uploads\/2020\/04\/Mampara7.jpg?resize=525%2C380&#038;ssl=1\" alt=\"\" data-id=\"74\" data-full-url=\"https:\/\/luises.com\/wp-content\/uploads\/2020\/04\/Mampara7.jpg\" data-link=\"https:\/\/luises.com\/index.php\/especial-covid\/mampara7\/\" class=\"wp-image-74\" srcset=\"https:\/\/i0.wp.com\/luises.com\/wp-content\/uploads\/2020\/04\/Mampara7.jpg?resize=1024%2C741&amp;ssl=1 1024w, https:\/\/i0.wp.com\/luises.com\/wp-content\/uploads\/2020\/04\/Mampara7.jpg?resize=300%2C217&amp;ssl=1 300w, https:\/\/i0.wp.com\/luises.com\/wp-content\/uploads\/2020\/04\/Mampara7.jpg?resize=768%2C555&amp;ssl=1 768w, https:\/\/i0.wp.com\/luises.com\/wp-content\/uploads\/2020\/04\/Mampara7.jpg?resize=1536%2C1111&amp;ssl=1 1536w, https:\/\/i0.wp.com\/luises.com\/wp-content\/uploads\/2020\/04\/Mampara7.jpg?resize=2048%2C1481&amp;ssl=1 2048w\" sizes=\"auto, (max-width: 767px) 89vw, (max-width: 1000px) 54vw, (max-width: 1071px) 543px, 580px\" \/><figcaption class=\"blocks-gallery-item__caption\">Oficinas<\/figcaption><\/figure><\/li><li class=\"blocks-gallery-item\"><figure><img data-recalc-dims=\"1\" loading=\"lazy\" decoding=\"async\" width=\"525\" height=\"391\" src=\"https:\/\/i0.wp.com\/luises.com\/wp-content\/uploads\/2020\/04\/Mampara6.jpg?resize=525%2C391&#038;ssl=1\" alt=\"\" data-id=\"73\" data-full-url=\"https:\/\/luises.com\/wp-content\/uploads\/2020\/04\/Mampara6.jpg\" data-link=\"https:\/\/luises.com\/index.php\/especial-covid\/mampara6\/\" class=\"wp-image-73\" srcset=\"https:\/\/i0.wp.com\/luises.com\/wp-content\/uploads\/2020\/04\/Mampara6.jpg?resize=1024%2C762&amp;ssl=1 1024w, https:\/\/i0.wp.com\/luises.com\/wp-content\/uploads\/2020\/04\/Mampara6.jpg?resize=300%2C223&amp;ssl=1 300w, https:\/\/i0.wp.com\/luises.com\/wp-content\/uploads\/2020\/04\/Mampara6.jpg?resize=768%2C571&amp;ssl=1 768w, https:\/\/i0.wp.com\/luises.com\/wp-content\/uploads\/2020\/04\/Mampara6.jpg?resize=1536%2C1143&amp;ssl=1 1536w, https:\/\/i0.wp.com\/luises.com\/wp-content\/uploads\/2020\/04\/Mampara6.jpg?w=1844&amp;ssl=1 1844w\" sizes=\"auto, (max-width: 767px) 89vw, (max-width: 1000px) 54vw, (max-width: 1071px) 543px, 580px\" \/><figcaption class=\"blocks-gallery-item__caption\">Restaurantes<\/figcaption><\/figure><\/li><li class=\"blocks-gallery-item\"><figure><img data-recalc-dims=\"1\" loading=\"lazy\" decoding=\"async\" width=\"525\" height=\"429\" src=\"https:\/\/i0.wp.com\/luises.com\/wp-content\/uploads\/2020\/04\/Mampara10.jpg?resize=525%2C429&#038;ssl=1\" alt=\"\" data-id=\"77\" data-full-url=\"https:\/\/luises.com\/wp-content\/uploads\/2020\/04\/Mampara10.jpg\" data-link=\"https:\/\/luises.com\/index.php\/especial-covid\/mampara10\/\" class=\"wp-image-77\" srcset=\"https:\/\/i0.wp.com\/luises.com\/wp-content\/uploads\/2020\/04\/Mampara10.jpg?resize=1024%2C837&amp;ssl=1 1024w, https:\/\/i0.wp.com\/luises.com\/wp-content\/uploads\/2020\/04\/Mampara10.jpg?resize=300%2C245&amp;ssl=1 300w, https:\/\/i0.wp.com\/luises.com\/wp-content\/uploads\/2020\/04\/Mampara10.jpg?resize=768%2C628&amp;ssl=1 768w, https:\/\/i0.wp.com\/luises.com\/wp-content\/uploads\/2020\/04\/Mampara10.jpg?w=1385&amp;ssl=1 1385w\" sizes=\"auto, (max-width: 767px) 89vw, (max-width: 1000px) 54vw, (max-width: 1071px) 543px, 580px\" \/><figcaption class=\"blocks-gallery-item__caption\">Cafeterias<\/figcaption><\/figure><\/li><li class=\"blocks-gallery-item\"><figure><img data-recalc-dims=\"1\" loading=\"lazy\" decoding=\"async\" width=\"525\" height=\"525\" src=\"https:\/\/i0.wp.com\/luises.com\/wp-content\/uploads\/2020\/04\/Mampara13-e1587622554248.jpg?resize=525%2C525&#038;ssl=1\" alt=\"\" data-id=\"80\" data-full-url=\"https:\/\/luises.com\/wp-content\/uploads\/2020\/04\/Mampara13-e1587622554248.jpg\" data-link=\"https:\/\/luises.com\/index.php\/especial-covid\/mampara13\/\" class=\"wp-image-80\" srcset=\"https:\/\/i0.wp.com\/luises.com\/wp-content\/uploads\/2020\/04\/Mampara13-e1587622554248.jpg?w=626&amp;ssl=1 626w, https:\/\/i0.wp.com\/luises.com\/wp-content\/uploads\/2020\/04\/Mampara13-e1587622554248.jpg?resize=300%2C300&amp;ssl=1 300w, https:\/\/i0.wp.com\/luises.com\/wp-content\/uploads\/2020\/04\/Mampara13-e1587622554248.jpg?resize=150%2C150&amp;ssl=1 150w, https:\/\/i0.wp.com\/luises.com\/wp-content\/uploads\/2020\/04\/Mampara13-e1587622554248.jpg?resize=100%2C100&amp;ssl=1 100w\" sizes=\"auto, (max-width: 525px) 100vw, 525px\" \/><figcaption class=\"blocks-gallery-item__caption\">Atencion al cliente<\/figcaption><\/figure><\/li><li class=\"blocks-gallery-item\"><figure><img data-recalc-dims=\"1\" loading=\"lazy\" decoding=\"async\" width=\"525\" height=\"393\" src=\"https:\/\/i0.wp.com\/luises.com\/wp-content\/uploads\/2020\/04\/Mampara1.jpg?resize=525%2C393&#038;ssl=1\" alt=\"\" data-id=\"68\" data-full-url=\"https:\/\/luises.com\/wp-content\/uploads\/2020\/04\/Mampara1.jpg\" data-link=\"https:\/\/luises.com\/index.php\/especial-covid\/mampara1\/\" class=\"wp-image-68\" srcset=\"https:\/\/i0.wp.com\/luises.com\/wp-content\/uploads\/2020\/04\/Mampara1.jpg?resize=1024%2C767&amp;ssl=1 1024w, https:\/\/i0.wp.com\/luises.com\/wp-content\/uploads\/2020\/04\/Mampara1.jpg?resize=300%2C225&amp;ssl=1 300w, https:\/\/i0.wp.com\/luises.com\/wp-content\/uploads\/2020\/04\/Mampara1.jpg?resize=768%2C575&amp;ssl=1 768w, https:\/\/i0.wp.com\/luises.com\/wp-content\/uploads\/2020\/04\/Mampara1.jpg?resize=1536%2C1151&amp;ssl=1 1536w, https:\/\/i0.wp.com\/luises.com\/wp-content\/uploads\/2020\/04\/Mampara1.jpg?w=1930&amp;ssl=1 1930w\" sizes=\"auto, (max-width: 767px) 89vw, (max-width: 1000px) 54vw, (max-width: 1071px) 543px, 580px\" \/><\/figure><\/li><li class=\"blocks-gallery-item\"><figure><img data-recalc-dims=\"1\" loading=\"lazy\" decoding=\"async\" width=\"525\" height=\"432\" src=\"https:\/\/i0.wp.com\/luises.com\/wp-content\/uploads\/2020\/04\/Mampara5.jpg?resize=525%2C432&#038;ssl=1\" alt=\"\" data-id=\"72\" data-full-url=\"https:\/\/luises.com\/wp-content\/uploads\/2020\/04\/Mampara5.jpg\" data-link=\"https:\/\/luises.com\/index.php\/especial-covid\/mampara5\/\" class=\"wp-image-72\" srcset=\"https:\/\/i0.wp.com\/luises.com\/wp-content\/uploads\/2020\/04\/Mampara5.jpg?w=606&amp;ssl=1 606w, https:\/\/i0.wp.com\/luises.com\/wp-content\/uploads\/2020\/04\/Mampara5.jpg?resize=300%2C247&amp;ssl=1 300w\" sizes=\"auto, (max-width: 525px) 100vw, 525px\" \/><\/figure><\/li><li class=\"blocks-gallery-item\"><figure><img data-recalc-dims=\"1\" loading=\"lazy\" decoding=\"async\" width=\"525\" height=\"443\" src=\"https:\/\/i0.wp.com\/luises.com\/wp-content\/uploads\/2020\/04\/Mampara3.jpg?resize=525%2C443&#038;ssl=1\" alt=\"\" data-id=\"70\" data-full-url=\"https:\/\/luises.com\/wp-content\/uploads\/2020\/04\/Mampara3.jpg\" data-link=\"https:\/\/luises.com\/index.php\/especial-covid\/mampara3\/\" class=\"wp-image-70\" srcset=\"https:\/\/i0.wp.com\/luises.com\/wp-content\/uploads\/2020\/04\/Mampara3.jpg?w=852&amp;ssl=1 852w, https:\/\/i0.wp.com\/luises.com\/wp-content\/uploads\/2020\/04\/Mampara3.jpg?resize=300%2C253&amp;ssl=1 300w, https:\/\/i0.wp.com\/luises.com\/wp-content\/uploads\/2020\/04\/Mampara3.jpg?resize=768%2C648&amp;ssl=1 768w\" sizes=\"auto, (max-width: 767px) 89vw, (max-width: 1000px) 54vw, (max-width: 1071px) 543px, 580px\" \/><\/figure><\/li><li class=\"blocks-gallery-item\"><figure><img data-recalc-dims=\"1\" loading=\"lazy\" decoding=\"async\" width=\"525\" height=\"433\" src=\"https:\/\/i0.wp.com\/luises.com\/wp-content\/uploads\/2020\/04\/Mampara4.jpg?resize=525%2C433&#038;ssl=1\" alt=\"\" data-id=\"71\" data-full-url=\"https:\/\/luises.com\/wp-content\/uploads\/2020\/04\/Mampara4.jpg\" data-link=\"https:\/\/luises.com\/index.php\/especial-covid\/mampara4\/\" class=\"wp-image-71\" srcset=\"https:\/\/i0.wp.com\/luises.com\/wp-content\/uploads\/2020\/04\/Mampara4.jpg?w=605&amp;ssl=1 605w, https:\/\/i0.wp.com\/luises.com\/wp-content\/uploads\/2020\/04\/Mampara4.jpg?resize=300%2C247&amp;ssl=1 300w\" sizes=\"auto, (max-width: 525px) 100vw, 525px\" \/><\/figure><\/li><li class=\"blocks-gallery-item\"><figure><img data-recalc-dims=\"1\" loading=\"lazy\" decoding=\"async\" width=\"525\" height=\"181\" src=\"https:\/\/i0.wp.com\/luises.com\/wp-content\/uploads\/2020\/04\/Mampara2.jpg?resize=525%2C181&#038;ssl=1\" alt=\"\" data-id=\"69\" data-full-url=\"https:\/\/luises.com\/wp-content\/uploads\/2020\/04\/Mampara2.jpg\" data-link=\"https:\/\/luises.com\/index.php\/especial-covid\/mampara2\/\" class=\"wp-image-69\" srcset=\"https:\/\/i0.wp.com\/luises.com\/wp-content\/uploads\/2020\/04\/Mampara2.jpg?resize=1024%2C353&amp;ssl=1 1024w, https:\/\/i0.wp.com\/luises.com\/wp-content\/uploads\/2020\/04\/Mampara2.jpg?resize=300%2C104&amp;ssl=1 300w, https:\/\/i0.wp.com\/luises.com\/wp-content\/uploads\/2020\/04\/Mampara2.jpg?resize=768%2C265&amp;ssl=1 768w, https:\/\/i0.wp.com\/luises.com\/wp-content\/uploads\/2020\/04\/Mampara2.jpg?resize=1536%2C530&amp;ssl=1 1536w, https:\/\/i0.wp.com\/luises.com\/wp-content\/uploads\/2020\/04\/Mampara2.jpg?w=1997&amp;ssl=1 1997w\" sizes=\"auto, (max-width: 767px) 89vw, (max-width: 1000px) 54vw, (max-width: 1071px) 543px, 580px\" \/><\/figure><\/li><\/ul><\/figure>\n","protected":false},"excerpt":{"rendered":"<p>Mamparas protectoras en cristal templado o en metacrilato. Con opci\u00f3n de personalizaci\u00f3n para su negocio. Soportes met\u00e1licos estables e higi\u00e9nicos.<\/p>\n","protected":false},"author":1,"featured_media":74,"parent":2,"menu_order":0,"comment_status":"closed","ping_status":"closed","template":"","meta":{"footnotes":""},"class_list":["post-149","page","type-page","status-publish","has-post-thumbnail","hentry"],"yoast_head":"<!-- This site is optimized with the Yoast SEO plugin v27.3 - https:\/\/yoast.com\/product\/yoast-seo-wordpress\/ -->\n<title>Mamparas protectoras COVID - Luises Interiorismo<\/title>\n<meta name=\"robots\" content=\"index, follow, max-snippet:-1, max-image-preview:large, max-video-preview:-1\" \/>\n<link rel=\"canonical\" href=\"https:\/\/luises.com\/index.php\/especial-covid\/mamparas-protectoras-covid\/\" \/>\n<meta property=\"og:locale\" content=\"es_ES\" \/>\n<meta property=\"og:type\" content=\"article\" \/>\n<meta property=\"og:title\" content=\"Mamparas protectoras COVID - Luises Interiorismo\" \/>\n<meta property=\"og:description\" content=\"Mamparas protectoras en cristal templado o en metacrilato. Con opci\u00f3n de personalizaci\u00f3n para su negocio. Soportes met\u00e1licos estables e higi\u00e9nicos.\" \/>\n<meta property=\"og:url\" content=\"https:\/\/luises.com\/index.php\/especial-covid\/mamparas-protectoras-covid\/\" \/>\n<meta property=\"og:site_name\" content=\"Luises Interiorismo\" \/>\n<meta property=\"article:modified_time\" content=\"2020-04-24T18:18:32+00:00\" \/>\n<meta property=\"og:image\" content=\"https:\/\/i2.wp.com\/luises.com\/wp-content\/uploads\/2020\/04\/Mampara7.jpg?fit=2161%2C1563&ssl=1\" \/>\n\t<meta property=\"og:image:width\" content=\"2161\" \/>\n\t<meta property=\"og:image:height\" content=\"1563\" \/>\n\t<meta property=\"og:image:type\" content=\"image\/jpeg\" \/>\n<meta name=\"twitter:card\" content=\"summary_large_image\" \/>\n<script type=\"application\/ld+json\" class=\"yoast-schema-graph\">{\"@context\":\"https:\\\/\\\/schema.org\",\"@graph\":[{\"@type\":\"WebPage\",\"@id\":\"https:\\\/\\\/luises.com\\\/index.php\\\/especial-covid\\\/mamparas-protectoras-covid\\\/\",\"url\":\"https:\\\/\\\/luises.com\\\/index.php\\\/especial-covid\\\/mamparas-protectoras-covid\\\/\",\"name\":\"Mamparas protectoras COVID - Luises Interiorismo\",\"isPartOf\":{\"@id\":\"https:\\\/\\\/luises.com\\\/#website\"},\"primaryImageOfPage\":{\"@id\":\"https:\\\/\\\/luises.com\\\/index.php\\\/especial-covid\\\/mamparas-protectoras-covid\\\/#primaryimage\"},\"image\":{\"@id\":\"https:\\\/\\\/luises.com\\\/index.php\\\/especial-covid\\\/mamparas-protectoras-covid\\\/#primaryimage\"},\"thumbnailUrl\":\"https:\\\/\\\/i0.wp.com\\\/luises.com\\\/wp-content\\\/uploads\\\/2020\\\/04\\\/Mampara7.jpg?fit=2161%2C1563&ssl=1\",\"datePublished\":\"2020-04-24T18:16:55+00:00\",\"dateModified\":\"2020-04-24T18:18:32+00:00\",\"breadcrumb\":{\"@id\":\"https:\\\/\\\/luises.com\\\/index.php\\\/especial-covid\\\/mamparas-protectoras-covid\\\/#breadcrumb\"},\"inLanguage\":\"es\",\"potentialAction\":[{\"@type\":\"ReadAction\",\"target\":[\"https:\\\/\\\/luises.com\\\/index.php\\\/especial-covid\\\/mamparas-protectoras-covid\\\/\"]}]},{\"@type\":\"ImageObject\",\"inLanguage\":\"es\",\"@id\":\"https:\\\/\\\/luises.com\\\/index.php\\\/especial-covid\\\/mamparas-protectoras-covid\\\/#primaryimage\",\"url\":\"https:\\\/\\\/i0.wp.com\\\/luises.com\\\/wp-content\\\/uploads\\\/2020\\\/04\\\/Mampara7.jpg?fit=2161%2C1563&ssl=1\",\"contentUrl\":\"https:\\\/\\\/i0.wp.com\\\/luises.com\\\/wp-content\\\/uploads\\\/2020\\\/04\\\/Mampara7.jpg?fit=2161%2C1563&ssl=1\",\"width\":2161,\"height\":1563,\"caption\":\"Oficinas\"},{\"@type\":\"BreadcrumbList\",\"@id\":\"https:\\\/\\\/luises.com\\\/index.php\\\/especial-covid\\\/mamparas-protectoras-covid\\\/#breadcrumb\",\"itemListElement\":[{\"@type\":\"ListItem\",\"position\":1,\"name\":\"Home\",\"item\":\"https:\\\/\\\/luises.com\\\/\"},{\"@type\":\"ListItem\",\"position\":2,\"name\":\"Especial COVID\",\"item\":\"https:\\\/\\\/luises.com\\\/index.php\\\/especial-covid\\\/\"},{\"@type\":\"ListItem\",\"position\":3,\"name\":\"Mamparas protectoras COVID\"}]},{\"@type\":\"WebSite\",\"@id\":\"https:\\\/\\\/luises.com\\\/#website\",\"url\":\"https:\\\/\\\/luises.com\\\/\",\"name\":\"Luises Interiorismo\",\"description\":\"Estudio de interiorismo en Oviedo\",\"potentialAction\":[{\"@type\":\"SearchAction\",\"target\":{\"@type\":\"EntryPoint\",\"urlTemplate\":\"https:\\\/\\\/luises.com\\\/?s={search_term_string}\"},\"query-input\":{\"@type\":\"PropertyValueSpecification\",\"valueRequired\":true,\"valueName\":\"search_term_string\"}}],\"inLanguage\":\"es\"}]}<\/script>\n<!-- \/ Yoast SEO plugin. -->","yoast_head_json":{"title":"Mamparas protectoras COVID - Luises Interiorismo","robots":{"index":"index","follow":"follow","max-snippet":"max-snippet:-1","max-image-preview":"max-image-preview:large","max-video-preview":"max-video-preview:-1"},"canonical":"https:\/\/luises.com\/index.php\/especial-covid\/mamparas-protectoras-covid\/","og_locale":"es_ES","og_type":"article","og_title":"Mamparas protectoras COVID - Luises Interiorismo","og_description":"Mamparas protectoras en cristal templado o en metacrilato. Con opci\u00f3n de personalizaci\u00f3n para su negocio. Soportes met\u00e1licos estables e higi\u00e9nicos.","og_url":"https:\/\/luises.com\/index.php\/especial-covid\/mamparas-protectoras-covid\/","og_site_name":"Luises Interiorismo","article_modified_time":"2020-04-24T18:18:32+00:00","og_image":[{"width":2161,"height":1563,"url":"https:\/\/i2.wp.com\/luises.com\/wp-content\/uploads\/2020\/04\/Mampara7.jpg?fit=2161%2C1563&ssl=1","type":"image\/jpeg"}],"twitter_card":"summary_large_image","schema":{"@context":"https:\/\/schema.org","@graph":[{"@type":"WebPage","@id":"https:\/\/luises.com\/index.php\/especial-covid\/mamparas-protectoras-covid\/","url":"https:\/\/luises.com\/index.php\/especial-covid\/mamparas-protectoras-covid\/","name":"Mamparas protectoras COVID - Luises Interiorismo","isPartOf":{"@id":"https:\/\/luises.com\/#website"},"primaryImageOfPage":{"@id":"https:\/\/luises.com\/index.php\/especial-covid\/mamparas-protectoras-covid\/#primaryimage"},"image":{"@id":"https:\/\/luises.com\/index.php\/especial-covid\/mamparas-protectoras-covid\/#primaryimage"},"thumbnailUrl":"https:\/\/i0.wp.com\/luises.com\/wp-content\/uploads\/2020\/04\/Mampara7.jpg?fit=2161%2C1563&ssl=1","datePublished":"2020-04-24T18:16:55+00:00","dateModified":"2020-04-24T18:18:32+00:00","breadcrumb":{"@id":"https:\/\/luises.com\/index.php\/especial-covid\/mamparas-protectoras-covid\/#breadcrumb"},"inLanguage":"es","potentialAction":[{"@type":"ReadAction","target":["https:\/\/luises.com\/index.php\/especial-covid\/mamparas-protectoras-covid\/"]}]},{"@type":"ImageObject","inLanguage":"es","@id":"https:\/\/luises.com\/index.php\/especial-covid\/mamparas-protectoras-covid\/#primaryimage","url":"https:\/\/i0.wp.com\/luises.com\/wp-content\/uploads\/2020\/04\/Mampara7.jpg?fit=2161%2C1563&ssl=1","contentUrl":"https:\/\/i0.wp.com\/luises.com\/wp-content\/uploads\/2020\/04\/Mampara7.jpg?fit=2161%2C1563&ssl=1","width":2161,"height":1563,"caption":"Oficinas"},{"@type":"BreadcrumbList","@id":"https:\/\/luises.com\/index.php\/especial-covid\/mamparas-protectoras-covid\/#breadcrumb","itemListElement":[{"@type":"ListItem","position":1,"name":"Home","item":"https:\/\/luises.com\/"},{"@type":"ListItem","position":2,"name":"Especial COVID","item":"https:\/\/luises.com\/index.php\/especial-covid\/"},{"@type":"ListItem","position":3,"name":"Mamparas protectoras COVID"}]},{"@type":"WebSite","@id":"https:\/\/luises.com\/#website","url":"https:\/\/luises.com\/","name":"Luises Interiorismo","description":"Estudio de interiorismo en Oviedo","potentialAction":[{"@type":"SearchAction","target":{"@type":"EntryPoint","urlTemplate":"https:\/\/luises.com\/?s={search_term_string}"},"query-input":{"@type":"PropertyValueSpecification","valueRequired":true,"valueName":"search_term_string"}}],"inLanguage":"es"}]}},"jetpack_sharing_enabled":true,"_links":{"self":[{"href":"https:\/\/luises.com\/index.php\/wp-json\/wp\/v2\/pages\/149","targetHints":{"allow":["GET"]}}],"collection":[{"href":"https:\/\/luises.com\/index.php\/wp-json\/wp\/v2\/pages"}],"about":[{"href":"https:\/\/luises.com\/index.php\/wp-json\/wp\/v2\/types\/page"}],"author":[{"embeddable":true,"href":"https:\/\/luises.com\/index.php\/wp-json\/wp\/v2\/users\/1"}],"replies":[{"embeddable":true,"href":"https:\/\/luises.com\/index.php\/wp-json\/wp\/v2\/comments?post=149"}],"version-history":[{"count":2,"href":"https:\/\/luises.com\/index.php\/wp-json\/wp\/v2\/pages\/149\/revisions"}],"predecessor-version":[{"id":158,"href":"https:\/\/luises.com\/index.php\/wp-json\/wp\/v2\/pages\/149\/revisions\/158"}],"up":[{"embeddable":true,"href":"https:\/\/luises.com\/index.php\/wp-json\/wp\/v2\/pages\/2"}],"wp:featuredmedia":[{"embeddable":true,"href":"https:\/\/luises.com\/index.php\/wp-json\/wp\/v2\/media\/74"}],"wp:attachment":[{"href":"https:\/\/luises.com\/index.php\/wp-json\/wp\/v2\/media?parent=149"}],"curies":[{"name":"wp","href":"https:\/\/api.w.org\/{rel}","templated":true}]}}