{"id":10,"date":"2020-04-07T15:50:07","date_gmt":"2020-04-07T15:50:07","guid":{"rendered":"https:\/\/luises.com\/?page_id=10"},"modified":"2023-10-02T18:23:39","modified_gmt":"2023-10-02T18:23:39","slug":"habitaciones-salones-armarios-luises-interiorismo-oviedo-asturias","status":"publish","type":"page","link":"https:\/\/luises.com\/index.php\/habitaciones-salones-armarios-luises-interiorismo-oviedo-asturias\/","title":{"rendered":"Habitaciones y salones"},"content":{"rendered":"\n<p>\u00a1Descubre la excelencia en el dise\u00f1o y funcionalidad de nuestros&nbsp;<a>armarios<\/a>&nbsp;y amueblamiento de&nbsp;<a>salones<\/a>&nbsp;y&nbsp;<a>habitaciones<\/a>!<\/p>\n\n\n\n<p>En nuestra\u00a0<a>empresa<\/a>, nos dedicamos a crear espacios \u00fanicos y personalizados que reflejen tu estilo y se adapten a tus necesidades. Nuestros\u00a0<a>armarios<\/a>\u00a0est\u00e1n dise\u00f1ados con precisi\u00f3n para aprovechar al m\u00e1ximo el espacio disponible, brind\u00e1ndote soluciones de almacenamiento eficaces.<\/p>\n\n\n\n<p>Nuestro amueblamiento de&nbsp;<a>salones<\/a>&nbsp;y&nbsp;<a>habitaciones<\/a>&nbsp;combina est\u00e9tica y practicidad, creando ambientes acogedores y funcionales. Ya sea que est\u00e9s buscando un&nbsp;<a>sal\u00f3n<\/a>&nbsp;moderno y sofisticado o una&nbsp;<a>habitaci\u00f3n<\/a>&nbsp;tranquila y relajante, tenemos una amplia gama de opciones para satisfacer tus gustos y preferencias.<\/p>\n\n\n\n<p>Trabajamos con materiales de alta calidad y nos esforzamos por ofrecer dise\u00f1os innovadores y duraderos. Nuestro equipo de expertos en dise\u00f1o interior est\u00e1 listo para asesorarte y ayudarte a crear el ambiente perfecto que refleje tu personalidad y estilo de vida.<\/p>\n\n\n\n<p>No comprometas la belleza ni la funcionalidad de tus espacios. Ven y descubre c\u00f3mo nuestros&nbsp;<a>armarios<\/a>&nbsp;y amueblamiento de&nbsp;<a>salones<\/a>&nbsp;y&nbsp;<a>habitaciones<\/a>&nbsp;pueden transformar tu hogar en un lugar verdaderamente especial.<\/p>\n\n\n\n<p>\u00a1Te invitamos a visitar nuestro estudio y explorar todas las opciones que tenemos para ti!<\/p>\n","protected":false},"excerpt":{"rendered":"<p>\u00a1Descubre la excelencia en el dise\u00f1o y funcionalidad de nuestros&nbsp;armarios&nbsp;y amueblamiento de&nbsp;salones&nbsp;y&nbsp;habitaciones! En nuestra\u00a0empresa, nos dedicamos a crear espacios \u00fanicos y personalizados que reflejen tu estilo y se adapten a tus necesidades. Nuestros\u00a0armarios\u00a0est\u00e1n dise\u00f1ados con precisi\u00f3n para aprovechar al m\u00e1ximo el espacio disponible, brind\u00e1ndote soluciones de almacenamiento eficaces. Nuestro amueblamiento de&nbsp;salones&nbsp;y&nbsp;habitaciones&nbsp;combina est\u00e9tica y practicidad, creando &hellip; <\/p>\n<p class=\"link-more\"><a href=\"https:\/\/luises.com\/index.php\/habitaciones-salones-armarios-luises-interiorismo-oviedo-asturias\/\" class=\"more-link\">Continuar leyendo<span class=\"screen-reader-text\"> \u00abHabitaciones y salones\u00bb<\/span><\/a><\/p>\n","protected":false},"author":1,"featured_media":52,"parent":0,"menu_order":0,"comment_status":"closed","ping_status":"closed","template":"","meta":{"footnotes":""},"class_list":["post-10","page","type-page","status-publish","has-post-thumbnail","hentry"],"yoast_head":"<!-- This site is optimized with the Yoast SEO plugin v27.3 - https:\/\/yoast.com\/product\/yoast-seo-wordpress\/ -->\n<title>Habitaciones y salones - Luises Interiorismo<\/title>\n<meta name=\"description\" content=\"Descubre nuestra amplia gama de armarios y amueblamiento de salones y habitaciones, dise\u00f1ados para brindar estilo, calidad y funcionalidad a tu hogar Luises Interiorismo\" \/>\n<meta name=\"robots\" content=\"index, follow, max-snippet:-1, max-image-preview:large, max-video-preview:-1\" \/>\n<link rel=\"canonical\" href=\"https:\/\/luises.com\/index.php\/habitaciones-salones-armarios-luises-interiorismo-oviedo-asturias\/\" \/>\n<meta property=\"og:locale\" content=\"es_ES\" \/>\n<meta property=\"og:type\" content=\"article\" \/>\n<meta property=\"og:title\" content=\"Habitaciones y salones - Luises Interiorismo\" \/>\n<meta property=\"og:description\" content=\"Descubre nuestra amplia gama de armarios y amueblamiento de salones y habitaciones, dise\u00f1ados para brindar estilo, calidad y funcionalidad a tu hogar Luises Interiorismo\" \/>\n<meta property=\"og:url\" content=\"https:\/\/luises.com\/index.php\/habitaciones-salones-armarios-luises-interiorismo-oviedo-asturias\/\" \/>\n<meta property=\"og:site_name\" content=\"Luises Interiorismo\" \/>\n<meta property=\"article:modified_time\" content=\"2023-10-02T18:23:39+00:00\" \/>\n<meta property=\"og:image\" content=\"https:\/\/luises.com\/wp-content\/uploads\/2020\/04\/Armario-KALLMAR.jpg\" \/>\n\t<meta property=\"og:image:width\" content=\"1200\" \/>\n\t<meta property=\"og:image:height\" content=\"600\" \/>\n\t<meta property=\"og:image:type\" content=\"image\/jpeg\" \/>\n<meta name=\"twitter:card\" content=\"summary_large_image\" \/>\n<meta name=\"twitter:label1\" content=\"Tiempo de lectura\" \/>\n\t<meta name=\"twitter:data1\" content=\"1 minuto\" \/>\n<script type=\"application\/ld+json\" class=\"yoast-schema-graph\">{\"@context\":\"https:\\\/\\\/schema.org\",\"@graph\":[{\"@type\":\"WebPage\",\"@id\":\"https:\\\/\\\/luises.com\\\/index.php\\\/habitaciones-salones-armarios-luises-interiorismo-oviedo-asturias\\\/\",\"url\":\"https:\\\/\\\/luises.com\\\/index.php\\\/habitaciones-salones-armarios-luises-interiorismo-oviedo-asturias\\\/\",\"name\":\"Habitaciones y salones - Luises Interiorismo\",\"isPartOf\":{\"@id\":\"https:\\\/\\\/luises.com\\\/#website\"},\"primaryImageOfPage\":{\"@id\":\"https:\\\/\\\/luises.com\\\/index.php\\\/habitaciones-salones-armarios-luises-interiorismo-oviedo-asturias\\\/#primaryimage\"},\"image\":{\"@id\":\"https:\\\/\\\/luises.com\\\/index.php\\\/habitaciones-salones-armarios-luises-interiorismo-oviedo-asturias\\\/#primaryimage\"},\"thumbnailUrl\":\"https:\\\/\\\/i0.wp.com\\\/luises.com\\\/wp-content\\\/uploads\\\/2020\\\/04\\\/Armario-KALLMAR.jpg?fit=1200%2C600&ssl=1\",\"datePublished\":\"2020-04-07T15:50:07+00:00\",\"dateModified\":\"2023-10-02T18:23:39+00:00\",\"description\":\"Descubre nuestra amplia gama de armarios y amueblamiento de salones y habitaciones, dise\u00f1ados para brindar estilo, calidad y funcionalidad a tu hogar Luises Interiorismo\",\"breadcrumb\":{\"@id\":\"https:\\\/\\\/luises.com\\\/index.php\\\/habitaciones-salones-armarios-luises-interiorismo-oviedo-asturias\\\/#breadcrumb\"},\"inLanguage\":\"es\",\"potentialAction\":[{\"@type\":\"ReadAction\",\"target\":[\"https:\\\/\\\/luises.com\\\/index.php\\\/habitaciones-salones-armarios-luises-interiorismo-oviedo-asturias\\\/\"]}]},{\"@type\":\"ImageObject\",\"inLanguage\":\"es\",\"@id\":\"https:\\\/\\\/luises.com\\\/index.php\\\/habitaciones-salones-armarios-luises-interiorismo-oviedo-asturias\\\/#primaryimage\",\"url\":\"https:\\\/\\\/i0.wp.com\\\/luises.com\\\/wp-content\\\/uploads\\\/2020\\\/04\\\/Armario-KALLMAR.jpg?fit=1200%2C600&ssl=1\",\"contentUrl\":\"https:\\\/\\\/i0.wp.com\\\/luises.com\\\/wp-content\\\/uploads\\\/2020\\\/04\\\/Armario-KALLMAR.jpg?fit=1200%2C600&ssl=1\",\"width\":1200,\"height\":600},{\"@type\":\"BreadcrumbList\",\"@id\":\"https:\\\/\\\/luises.com\\\/index.php\\\/habitaciones-salones-armarios-luises-interiorismo-oviedo-asturias\\\/#breadcrumb\",\"itemListElement\":[{\"@type\":\"ListItem\",\"position\":1,\"name\":\"Home\",\"item\":\"https:\\\/\\\/luises.com\\\/\"},{\"@type\":\"ListItem\",\"position\":2,\"name\":\"Habitaciones y salones\"}]},{\"@type\":\"WebSite\",\"@id\":\"https:\\\/\\\/luises.com\\\/#website\",\"url\":\"https:\\\/\\\/luises.com\\\/\",\"name\":\"Luises Interiorismo\",\"description\":\"Estudio de interiorismo en Oviedo\",\"potentialAction\":[{\"@type\":\"SearchAction\",\"target\":{\"@type\":\"EntryPoint\",\"urlTemplate\":\"https:\\\/\\\/luises.com\\\/?s={search_term_string}\"},\"query-input\":{\"@type\":\"PropertyValueSpecification\",\"valueRequired\":true,\"valueName\":\"search_term_string\"}}],\"inLanguage\":\"es\"}]}<\/script>\n<!-- \/ Yoast SEO plugin. -->","yoast_head_json":{"title":"Habitaciones y salones - Luises Interiorismo","description":"Descubre nuestra amplia gama de armarios y amueblamiento de salones y habitaciones, dise\u00f1ados para brindar estilo, calidad y funcionalidad a tu hogar Luises Interiorismo","robots":{"index":"index","follow":"follow","max-snippet":"max-snippet:-1","max-image-preview":"max-image-preview:large","max-video-preview":"max-video-preview:-1"},"canonical":"https:\/\/luises.com\/index.php\/habitaciones-salones-armarios-luises-interiorismo-oviedo-asturias\/","og_locale":"es_ES","og_type":"article","og_title":"Habitaciones y salones - Luises Interiorismo","og_description":"Descubre nuestra amplia gama de armarios y amueblamiento de salones y habitaciones, dise\u00f1ados para brindar estilo, calidad y funcionalidad a tu hogar Luises Interiorismo","og_url":"https:\/\/luises.com\/index.php\/habitaciones-salones-armarios-luises-interiorismo-oviedo-asturias\/","og_site_name":"Luises Interiorismo","article_modified_time":"2023-10-02T18:23:39+00:00","og_image":[{"width":1200,"height":600,"url":"https:\/\/luises.com\/wp-content\/uploads\/2020\/04\/Armario-KALLMAR.jpg","type":"image\/jpeg"}],"twitter_card":"summary_large_image","twitter_misc":{"Tiempo de lectura":"1 minuto"},"schema":{"@context":"https:\/\/schema.org","@graph":[{"@type":"WebPage","@id":"https:\/\/luises.com\/index.php\/habitaciones-salones-armarios-luises-interiorismo-oviedo-asturias\/","url":"https:\/\/luises.com\/index.php\/habitaciones-salones-armarios-luises-interiorismo-oviedo-asturias\/","name":"Habitaciones y salones - Luises Interiorismo","isPartOf":{"@id":"https:\/\/luises.com\/#website"},"primaryImageOfPage":{"@id":"https:\/\/luises.com\/index.php\/habitaciones-salones-armarios-luises-interiorismo-oviedo-asturias\/#primaryimage"},"image":{"@id":"https:\/\/luises.com\/index.php\/habitaciones-salones-armarios-luises-interiorismo-oviedo-asturias\/#primaryimage"},"thumbnailUrl":"https:\/\/i0.wp.com\/luises.com\/wp-content\/uploads\/2020\/04\/Armario-KALLMAR.jpg?fit=1200%2C600&ssl=1","datePublished":"2020-04-07T15:50:07+00:00","dateModified":"2023-10-02T18:23:39+00:00","description":"Descubre nuestra amplia gama de armarios y amueblamiento de salones y habitaciones, dise\u00f1ados para brindar estilo, calidad y funcionalidad a tu hogar Luises Interiorismo","breadcrumb":{"@id":"https:\/\/luises.com\/index.php\/habitaciones-salones-armarios-luises-interiorismo-oviedo-asturias\/#breadcrumb"},"inLanguage":"es","potentialAction":[{"@type":"ReadAction","target":["https:\/\/luises.com\/index.php\/habitaciones-salones-armarios-luises-interiorismo-oviedo-asturias\/"]}]},{"@type":"ImageObject","inLanguage":"es","@id":"https:\/\/luises.com\/index.php\/habitaciones-salones-armarios-luises-interiorismo-oviedo-asturias\/#primaryimage","url":"https:\/\/i0.wp.com\/luises.com\/wp-content\/uploads\/2020\/04\/Armario-KALLMAR.jpg?fit=1200%2C600&ssl=1","contentUrl":"https:\/\/i0.wp.com\/luises.com\/wp-content\/uploads\/2020\/04\/Armario-KALLMAR.jpg?fit=1200%2C600&ssl=1","width":1200,"height":600},{"@type":"BreadcrumbList","@id":"https:\/\/luises.com\/index.php\/habitaciones-salones-armarios-luises-interiorismo-oviedo-asturias\/#breadcrumb","itemListElement":[{"@type":"ListItem","position":1,"name":"Home","item":"https:\/\/luises.com\/"},{"@type":"ListItem","position":2,"name":"Habitaciones y salones"}]},{"@type":"WebSite","@id":"https:\/\/luises.com\/#website","url":"https:\/\/luises.com\/","name":"Luises Interiorismo","description":"Estudio de interiorismo en Oviedo","potentialAction":[{"@type":"SearchAction","target":{"@type":"EntryPoint","urlTemplate":"https:\/\/luises.com\/?s={search_term_string}"},"query-input":{"@type":"PropertyValueSpecification","valueRequired":true,"valueName":"search_term_string"}}],"inLanguage":"es"}]}},"jetpack_sharing_enabled":true,"_links":{"self":[{"href":"https:\/\/luises.com\/index.php\/wp-json\/wp\/v2\/pages\/10","targetHints":{"allow":["GET"]}}],"collection":[{"href":"https:\/\/luises.com\/index.php\/wp-json\/wp\/v2\/pages"}],"about":[{"href":"https:\/\/luises.com\/index.php\/wp-json\/wp\/v2\/types\/page"}],"author":[{"embeddable":true,"href":"https:\/\/luises.com\/index.php\/wp-json\/wp\/v2\/users\/1"}],"replies":[{"embeddable":true,"href":"https:\/\/luises.com\/index.php\/wp-json\/wp\/v2\/comments?post=10"}],"version-history":[{"count":4,"href":"https:\/\/luises.com\/index.php\/wp-json\/wp\/v2\/pages\/10\/revisions"}],"predecessor-version":[{"id":424,"href":"https:\/\/luises.com\/index.php\/wp-json\/wp\/v2\/pages\/10\/revisions\/424"}],"wp:featuredmedia":[{"embeddable":true,"href":"https:\/\/luises.com\/index.php\/wp-json\/wp\/v2\/media\/52"}],"wp:attachment":[{"href":"https:\/\/luises.com\/index.php\/wp-json\/wp\/v2\/media?parent=10"}],"curies":[{"name":"wp","href":"https:\/\/api.w.org\/{rel}","templated":true}]}}